{"id":4287,"date":"2019-07-29T14:38:07","date_gmt":"2019-07-29T07:38:07","guid":{"rendered":"https:\/\/laangsaigon.com\/?page_id=4287"},"modified":"2022-03-15T21:18:22","modified_gmt":"2022-03-15T14:18:22","slug":"danh-sach-do-uong","status":"publish","type":"page","link":"https:\/\/laangsaigon.com\/vi\/drinks-menu\/","title":{"rendered":"Danh s\u00e1ch \u0111\u1ed3 u\u1ed1ng"},"content":{"rendered":"<div  class=\"one withsmallpadding ppb_text\" style=\"text-align:center;padding-bottom:0 !important;padding:50px 0 50px 0;\" >\n<div class=\"standard_wrapper\">\n<div class=\"page_content_wrapper\">\n<div class=\"inner\">\n<div style=\"margin:auto;width:60%\">\n<div style=\"font-size: 30px; text-transform: uppercase; letter-spacing: -1px; font-weight: 300;\">LAANG l\u00e0 m\u1ed9t nh\u00e0 h\u00e0ng t\u1ea1i S\u00e0i G\u00f2n l\u1ea5y c\u1ea3m h\u1ee9ng t\u1eeb v\u0103n h\u00f3a \u1ea9m th\u1ef1c ch\u00e2u \u00c1, th\u00e2n thi\u1ec7n v\u1edbi ng\u01b0\u1eddi \u0103n chay.<\/div>\n<\/div>\n<\/div>\n<\/div>\n<\/div>\n<\/div>\n<div  class=\"one ppb_menu_with_image\" style=\"position:relative;padding:40px 0 40px 0;\" >\n<div class=\"standard_wrapper\">\n<div class=\"page_content_wrapper\">\n<div class=\"inner\">\n<div class=\"one_half parallax_scroll\" style=\"width:40%;position:absolute;left:90px;background:#ffffff;padding:40px;z-index:2;\" data-stellar-ratio=\"1.3\">\n<h2 class=\"ppb_menu_title\" >N\u01b0\u1edbc \u00e9p<\/h2>\n<div id=\"menu_3181\" class=\"menu_content_classic\">\n<h5 class=\"menu_post\">\n\t\t            \t<span class=\"menu_title\" style=\"background:#ffffff;\">T\u00e1o<\/span><br \/>\n\t\t            \t<span class=\"menu_dots\"><\/span><br \/>\n\t\t            \t<span class=\"menu_price\" style=\"background:#ffffff;\">69.0.000\u20ab<\/span><\/h5>\n<div class=\"post_detail menu_excerpt\">Qu\u1ea3 t\u00e1o <\/div>\n<\/div>\n<div id=\"menu_3180\" class=\"menu_content_classic\">\n<h5 class=\"menu_post\">\n\t\t            \t<span class=\"menu_title\" style=\"background:#ffffff;\">C\u00e0 r\u1ed1t<\/span><br \/>\n\t\t            \t<span class=\"menu_dots\"><\/span><br \/>\n\t\t            \t<span class=\"menu_price\" style=\"background:#ffffff;\">69.0.000\u20ab<\/span><\/h5>\n<div class=\"post_detail menu_excerpt\">c\u00e0 r\u1ed1t<\/div>\n<\/div>\n<div id=\"menu_3182\" class=\"menu_content_classic\">\n<h5 class=\"menu_post\">\n\t\t            \t<span class=\"menu_title\" style=\"background:#ffffff;\">C\u00e1m<\/span><br \/>\n\t\t            \t<span class=\"menu_dots\"><\/span><br \/>\n\t\t            \t<span class=\"menu_price\" style=\"background:#ffffff;\">69.0.000\u20ab<\/span><\/h5>\n<div class=\"post_detail menu_excerpt\">Qu\u1ea3 cam<\/div>\n<div class=\"menu_highlight\"><i class=\"fa fa-star\"><\/i><\/div>\n<\/div>\n<div id=\"menu_3189\" class=\"menu_content_classic\">\n<h5 class=\"menu_post\">\n\t\t            \t<span class=\"menu_title\" style=\"background:#ffffff;\">B\u00f3 x\u00f4i, Th\u01a1m, T\u00e1o<\/span><br \/>\n\t\t            \t<span class=\"menu_dots\"><\/span><br \/>\n\t\t            \t<span class=\"menu_price\" style=\"background:#ffffff;\">79.0.000\u20ab<\/span><\/h5>\n<div class=\"post_detail menu_excerpt\">Rau ch\u00e2n v\u1ecbt, d\u1ee9a, t\u00e1o<\/div>\n<div class=\"menu_highlight\"><i class=\"fa fa-star\"><\/i><\/div>\n<\/div>\n<div id=\"menu_3183\" class=\"menu_content_classic\">\n<h5 class=\"menu_post\">\n\t\t            \t<span class=\"menu_title\" style=\"background:#ffffff;\">C\u00e1m, Ngh\u1ec7, C\u00e0 r\u1ed1t<\/span><br \/>\n\t\t            \t<span class=\"menu_dots\"><\/span><br \/>\n\t\t            \t<span class=\"menu_price\" style=\"background:#ffffff;\">79.0.000\u20ab<\/span><\/h5>\n<div class=\"post_detail menu_excerpt\">Cam, Ngh\u1ec7, C\u00e0 R\u1ed1t<\/div>\n<\/div>\n<div id=\"menu_3184\" class=\"menu_content_classic\">\n<h5 class=\"menu_post\">\n\t\t            \t<span class=\"menu_title\" style=\"background:#ffffff;\">C\u00e0 r\u1ed1t, Cam, T\u00e1o, C\u1ee7 c\u1ea3i, T\u00e1o<\/span><br \/>\n\t\t            \t<span class=\"menu_dots\"><\/span><br \/>\n\t\t            \t<span class=\"menu_price\" style=\"background:#ffffff;\">79.0.000\u20ab<\/span><\/h5>\n<div class=\"post_detail menu_excerpt\"> C\u00e0 r\u1ed1t, cam, t\u00e1o, c\u1ee7 d\u1ec1n, g\u1eebng<\/div>\n<\/div>\n<div id=\"menu_3179\" class=\"menu_content_classic\">\n<h5 class=\"menu_post\">\n\t\t            \t<span class=\"menu_title\" style=\"background:#ffffff;\">Th\u01a1m<\/span><br \/>\n\t\t            \t<span class=\"menu_dots\"><\/span><br \/>\n\t\t            \t<span class=\"menu_price\" style=\"background:#ffffff;\">69.0.000\u20ab<\/span><\/h5>\n<div class=\"post_detail menu_excerpt\">Qu\u1ea3 d\u1ee9a<\/div>\n<\/div>\n<div id=\"menu_3178\" class=\"menu_content_classic\">\n<h5 class=\"menu_post\">\n\t\t            \t<span class=\"menu_title\" style=\"background:#ffffff;\">V\u0169 \u0111i\u1ec7u<\/span><br \/>\n\t\t            \t<span class=\"menu_dots\"><\/span><br \/>\n\t\t            \t<span class=\"menu_price\" style=\"background:#ffffff;\">69.0.000\u20ab<\/span><\/h5>\n<div class=\"post_detail menu_excerpt\"> D\u01b0a h\u1ea5u <\/div>\n<\/div>\n<div id=\"menu_3177\" class=\"menu_content_classic\">\n<h5 class=\"menu_post\">\n\t\t            \t<span class=\"menu_title\" style=\"background:#ffffff;\">D\u1eeba<\/span><br \/>\n\t\t            \t<span class=\"menu_dots\"><\/span><br \/>\n\t\t            \t<span class=\"menu_price\" style=\"background:#ffffff;\">59.0.000\u20ab<\/span><\/h5>\n<div class=\"post_detail menu_excerpt\"> D\u1eeba<\/div>\n<\/div>\n<\/div>\n<div class=\"one_half parallax_scroll_image last\" style=\"width:65%;\">\n<div class=\"image_classic_frame expand\">\n<div class=\"image_wrapper\"><a href=\"https:\/\/laangsaigon.com\/wp-content\/uploads\/2019\/07\/maki-501.jpg\" class=\"img_frame\"><img decoding=\"async\" src=\"https:\/\/laangsaigon.com\/wp-content\/uploads\/2019\/07\/maki-501.jpg\" class=\"portfolio_img\" alt=\"\"\/><\/a><\/div>\n<\/div>\n<\/div>\n<p><br class=\"clear\"\/><\/div>\n<\/div>\n<\/div>\n<\/div>\n<div class=\"divider one\">&nbsp;<\/div>\n<div class=\"divider one\">&nbsp;<\/div>\n<div  class=\"one ppb_menu_with_image_fullwidth\" style=\"position:relative;padding:40px 0 40px 0;color:#ffffff;\" >\n<div class=\"one\">\n<div class=\"image_classic_frame expand\">\n<div class=\"fullwidth_image\" style=\"height:500px;background-image:url('https:\/\/laangsaigon.com\/wp-content\/uploads\/2019\/07\/MG_8136.jpg');\"><\/div>\n<\/div>\n<\/div>\n<div class=\"one_half last parallax_scroll\" style=\"width:40%;position:absolute;left:30%;background:#25252f;padding:40px;\" data-stellar-ratio=\"1.3\" data-stellar-vertical-offset=\"500\">\n<h2 class=\"ppb_menu_title\" style=\"color:#ffffff;border-color:#ffffff;\">NGH\u1ec6 THU\u1eacT c\u1ee7a \u201cTRA\u201d<\/h2>\n<\/div>\n<\/div>\n<\/div>\n<\/div>\n<div class=\"divider one\">&nbsp;<\/div>\n<div class=\"divider one\">&nbsp;<\/div>\n<div  class=\"ppb_menu_multiple one nopadding\" style=\"padding:50px 0 50px 0;\" >\n<div class=\"page_content_wrapper fullwidth\">\n<div class=\"standard_wrapper\">\n<div class=\"portfolio_filter_wrapper two_cols gallery portfolio-content section content clearfix\">\n<div class=\"element classic2_cols\">\n<div class=\"one_half gallery2 filterable static\">\n<div class=\"menu_multiple_wrapper\" style=\"\">\n<h2 class=\"ppb_title\"><span class=\"ppb_title_first\" >N\u01b0\u1edbc ng\u1ecdt<\/span>C\u00e0 ph\u00ea, Sinh t\u1ed1<\/h2>\n<\/div>\n<\/div>\n<\/div>\n<div class=\"element classic2_cols\">\n<div class=\"one_half gallery2 filterable static\">\n<div class=\"menu_multiple_wrapper\">\n<h2 class=\"ppb_menu_title\" >C\u00e0 ph\u00ea<\/h2>\n<p><br class=\"clear\"\/><\/p>\n<div class=\"one\">\n<div id=\"menu_4764\" class=\"menu_content_classic\">\n<h5 class=\"menu_post\">\n\t\t\t\t        \t<span class=\"menu_title\">c\u00e0 ph\u00ea espresso<\/span><br \/>\n\t\t\t\t        \t<span class=\"menu_dots\"><\/span><span class=\"menu_price\">40.0.000\u20ab<\/span><\/h5>\n<div class=\"post_detail menu_excerpt\"><\/div>\n<\/div>\n<\/div>\n<div class=\"one\">\n<div id=\"menu_4767\" class=\"menu_content_classic\">\n<h5 class=\"menu_post\">\n\t\t\t\t        \t<span class=\"menu_title\">Macchiato<\/span><br \/>\n\t\t\t\t        \t<span class=\"menu_dots\"><\/span><span class=\"menu_price\">50.0.000\u20ab<\/span><\/h5>\n<div class=\"post_detail menu_excerpt\"><\/div>\n<\/div>\n<\/div>\n<div class=\"one\">\n<div id=\"menu_4770\" class=\"menu_content_classic\">\n<h5 class=\"menu_post\">\n\t\t\t\t        \t<span class=\"menu_title\">Americano<\/span><br \/>\n\t\t\t\t        \t<span class=\"menu_dots\"><\/span><span class=\"menu_price\">50.0.000\u20ab<\/span><\/h5>\n<div class=\"post_detail menu_excerpt\"><\/div>\n<\/div>\n<\/div>\n<div class=\"one\">\n<div id=\"menu_4773\" class=\"menu_content_classic\">\n<h5 class=\"menu_post\">\n\t\t\t\t        \t<span class=\"menu_title\">Cappuccino<\/span><br \/>\n\t\t\t\t        \t<span class=\"menu_dots\"><\/span><span class=\"menu_price\">55.0.000\u20ab<\/span><\/h5>\n<div class=\"post_detail menu_excerpt\"><\/div>\n<\/div>\n<\/div>\n<div class=\"one\">\n<div id=\"menu_4776\" class=\"menu_content_classic\">\n<h5 class=\"menu_post\">\n\t\t\t\t        \t<span class=\"menu_title\">Latte<\/span><br \/>\n\t\t\t\t        \t<span class=\"menu_dots\"><\/span><span class=\"menu_price\">55.0.000\u20ab<\/span><\/h5>\n<div class=\"post_detail menu_excerpt\"><\/div>\n<\/div>\n<\/div>\n<div class=\"one\">\n<div id=\"menu_4779\" class=\"menu_content_classic\">\n<h5 class=\"menu_post\">\n\t\t\t\t        \t<span class=\"menu_title\">Americano \u0111\u00e1<\/span><br \/>\n\t\t\t\t        \t<span class=\"menu_dots\"><\/span><span class=\"menu_price\">60.0.000\u20ab<\/span><\/h5>\n<div class=\"post_detail menu_excerpt\"><\/div>\n<\/div>\n<\/div>\n<div class=\"one\">\n<div id=\"menu_4782\" class=\"menu_content_classic\">\n<h5 class=\"menu_post\">\n\t\t\t\t        \t<span class=\"menu_title\">Latte \u0111\u00e1<\/span><br \/>\n\t\t\t\t        \t<span class=\"menu_dots\"><\/span><span class=\"menu_price\">60.0.000\u20ab<\/span><\/h5>\n<div class=\"post_detail menu_excerpt\"><\/div>\n<\/div>\n<\/div>\n<div class=\"one\">\n<div id=\"menu_4785\" class=\"menu_content_classic\">\n<h5 class=\"menu_post\">\n\t\t\t\t        \t<span class=\"menu_title\">C\u00e0 ph\u00ea mocha<\/span><br \/>\n\t\t\t\t        \t<span class=\"menu_dots\"><\/span><span class=\"menu_price\">60.0.000\u20ab<\/span><\/h5>\n<div class=\"post_detail menu_excerpt\"><\/div>\n<\/div>\n<\/div>\n<div class=\"one\">\n<div id=\"menu_4788\" class=\"menu_content_classic\">\n<h5 class=\"menu_post\">\n\t\t\t\t        \t<span class=\"menu_title\">C\u00e0 ph\u00ea Vi\u1ec7t Nam<\/span><br \/>\n\t\t\t\t        \t<span class=\"menu_dots\"><\/span><span class=\"menu_price\">40.0.000\u20ab<\/span><\/h5>\n<div class=\"post_detail menu_excerpt\"><\/div>\n<\/div>\n<\/div>\n<p><br class=\"clear\"\/><\/div>\n<\/div>\n<\/div>\n<div class=\"element classic2_cols\">\n<div class=\"one_half gallery2 filterable static\">\n<div class=\"menu_multiple_wrapper\">\n<h2 class=\"ppb_menu_title\" >sinh t\u1ed1<\/h2>\n<p><br class=\"clear\"\/><\/p>\n<div class=\"one\">\n<div id=\"menu_4711\" class=\"menu_content_classic\">\n<h5 class=\"menu_post\">\n\t\t\t\t        \t<span class=\"menu_title\">C\u1ea3i xo\u0103n, M\u00e3ng c\u1ea7u, Th\u01a1m, M\u1eadt ong<\/span><br \/>\n\t\t\t\t        \t<span class=\"menu_dots\"><\/span><span class=\"menu_price\">79.0.000\u20ab<\/span><\/h5>\n<div class=\"post_detail menu_excerpt\">C\u1ea3i xo\u0103n, s\u00fap chua, d\u1ee9a, m\u1eadt ong<\/div>\n<\/div>\n<\/div>\n<div class=\"one\">\n<div id=\"menu_4714\" class=\"menu_content_classic\">\n<h5 class=\"menu_post\">\n\t\t\t\t        \t<span class=\"menu_title\">C\u1ea3i xo\u0103n, T\u00e1o, Th\u01a1m, G\u1eebng, M\u1eadt ong<\/span><br \/>\n\t\t\t\t        \t<span class=\"menu_dots\"><\/span><span class=\"menu_price\">79.0.000\u20ab<\/span><\/h5>\n<div class=\"post_detail menu_excerpt\">C\u1ea3i xo\u0103n, t\u00e1o, d\u1ee9a, g\u1eebng, m\u1eadt ong<\/div>\n<\/div>\n<\/div>\n<div class=\"one\">\n<div id=\"menu_4717\" class=\"menu_content_classic\">\n<h5 class=\"menu_post\">\n\t\t\t\t        \t<span class=\"menu_title\">B\u00f3 X\u00f4i, C\u00e1m, Kiwi, T\u00e1o, G\u1eebng, M\u1eadt ong<\/span><br \/>\n\t\t\t\t        \t<span class=\"menu_dots\"><\/span><span class=\"menu_price\">79.0.000\u20ab<\/span><\/h5>\n<div class=\"post_detail menu_excerpt\">Rau ch\u00e2n v\u1ecbt, cam, kiwi, t\u00e1o, g\u1eebng, m\u1eadt ong<\/div>\n<\/div>\n<\/div>\n<div class=\"one\">\n<div id=\"menu_4720\" class=\"menu_content_classic\">\n<h5 class=\"menu_post\">\n\t\t\t\t        \t<span class=\"menu_title\">C\u00e1m, Th\u01a1m, C\u00e0 r\u1ed1t, G\u1eebng, Ngh\u1ec7, M\u1eadt ong<\/span><br \/>\n\t\t\t\t        \t<span class=\"menu_dots\"><\/span><span class=\"menu_price\">79.0.000\u20ab<\/span><\/h5>\n<div class=\"post_detail menu_excerpt\">Cam, D\u1ee9a, C\u00e0 R\u1ed1t, G\u1eebng, Ngh\u1ec7, M\u1eadt Ong<\/div>\n<\/div>\n<\/div>\n<div class=\"one\">\n<div id=\"menu_4723\" class=\"menu_content_classic\">\n<h5 class=\"menu_post\">\n\t\t\t\t        \t<span class=\"menu_title\">Xo\u00e0i, Th\u01a1m, Ch\u00e1nh d\u00e2y, M\u1eadt ong<\/span><br \/>\n\t\t\t\t        \t<span class=\"menu_dots\"><\/span><span class=\"menu_price\">79.0.000\u20ab<\/span><\/h5>\n<div class=\"post_detail menu_excerpt\">Xo\u00e0i, D\u1ee9a, chanh d\u00e2y, m\u1eadt ong<\/div>\n<\/div>\n<\/div>\n<div class=\"one\">\n<div id=\"menu_4726\" class=\"menu_content_classic\">\n<h5 class=\"menu_post\">\n\t\t\t\t        \t<span class=\"menu_title\">Chu\u1ed1i, C\u00e1m, Th\u01a1m, M\u1eadt ong<\/span><br \/>\n\t\t\t\t        \t<span class=\"menu_dots\"><\/span><span class=\"menu_price\">79.0.000\u20ab<\/span><\/h5>\n<div class=\"post_detail menu_excerpt\">Chu\u1ed1i, Cam, D\u1ee9a, M\u1eadt Ong<\/div>\n<\/div>\n<\/div>\n<div class=\"one\">\n<div id=\"menu_4729\" class=\"menu_content_classic\">\n<h5 class=\"menu_post\">\n\t\t\t\t        \t<span class=\"menu_title\">D\u00e2u, Chu\u1ed1i , T\u00e1o<\/span><br \/>\n\t\t\t\t        \t<span class=\"menu_dots\"><\/span><span class=\"menu_price\">79.0.000\u20ab<\/span><\/h5>\n<div class=\"post_detail menu_excerpt\">D\u00e2u, Chu\u1ed1i, T\u00e1o<\/div>\n<\/div>\n<\/div>\n<div class=\"one\">\n<div id=\"menu_4732\" class=\"menu_content_classic\">\n<h5 class=\"menu_post\">\n\t\t\t\t        \t<span class=\"menu_title\">D\u00e2u, Ch\u00e1nh, M\u1eadt ong<\/span><br \/>\n\t\t\t\t        \t<span class=\"menu_dots\"><\/span><span class=\"menu_price\">79.0.000\u20ab<\/span><\/h5>\n<div class=\"post_detail menu_excerpt\">D\u00e2u, chanh, m\u1eadt ong<\/div>\n<\/div>\n<\/div>\n<div class=\"one\">\n<div id=\"menu_4735\" class=\"menu_content_classic\">\n<h5 class=\"menu_post\">\n\t\t\t\t        \t<span class=\"menu_title\">D\u00e2u, M\u00e3ng c\u1ea7u, Th\u01a1m, M\u1eadt ong<\/span><br \/>\n\t\t\t\t        \t<span class=\"menu_dots\"><\/span><span class=\"menu_price\">79.0.000\u20ab<\/span><\/h5>\n<div class=\"post_detail menu_excerpt\">D\u00e2u, m\u00e3ng c\u1ea7u, d\u1ee9a, m\u1eadt ong<\/div>\n<\/div>\n<\/div>\n<div class=\"one\">\n<div id=\"menu_4738\" class=\"menu_content_classic\">\n<h5 class=\"menu_post\">\n\t\t\t\t        \t<span class=\"menu_title\">D\u00e2u, Chu\u1ed1i, C\u00e1m, Th\u01a1m, Qu\u1ebf, M\u1eadt ong<\/span><br \/>\n\t\t\t\t        \t<span class=\"menu_dots\"><\/span><span class=\"menu_price\">79.0.000\u20ab<\/span><\/h5>\n<div class=\"post_detail menu_excerpt\">D\u00e2u, Chu\u1ed1i, Cam, Th\u01a1m, Qu\u1ebf, M\u1eadt Ong<\/div>\n<\/div>\n<\/div>\n<p><br class=\"clear\"\/><\/div>\n<\/div>\n<\/div>\n<div class=\"element classic2_cols\">\n<div class=\"one_half gallery2 filterable static\">\n<div class=\"menu_multiple_wrapper\">\n<h2 class=\"ppb_menu_title\" >N\u01b0\u1edbc ng\u1ecdt<\/h2>\n<p><br class=\"clear\"\/><\/p>\n<div class=\"one\">\n<div id=\"menu_4812\" class=\"menu_content_classic\">\n<h5 class=\"menu_post\">\n\t\t\t\t        \t<span class=\"menu_title\">than c\u1ed1c<\/span><br \/>\n\t\t\t\t        \t<span class=\"menu_dots\"><\/span><span class=\"menu_price\">45.0.000\u20ab<\/span><\/h5>\n<div class=\"post_detail menu_excerpt\"><\/div>\n<\/div>\n<\/div>\n<div class=\"one\">\n<div id=\"menu_4815\" class=\"menu_content_classic\">\n<h5 class=\"menu_post\">\n\t\t\t\t        \t<span class=\"menu_title\">Coca d\u00e0nh cho ng\u01b0\u1eddi \u0103n ki\u00eang<\/span><br \/>\n\t\t\t\t        \t<span class=\"menu_dots\"><\/span><span class=\"menu_price\">45.0.000\u20ab<\/span><\/h5>\n<div class=\"post_detail menu_excerpt\"><\/div>\n<\/div>\n<\/div>\n<div class=\"one\">\n<div id=\"menu_4818\" class=\"menu_content_classic\">\n<h5 class=\"menu_post\">\n\t\t\t\t        \t<span class=\"menu_title\">7 l\u00ean<\/span><br \/>\n\t\t\t\t        \t<span class=\"menu_dots\"><\/span><span class=\"menu_price\">45.0.000\u20ab<\/span><\/h5>\n<div class=\"post_detail menu_excerpt\"><\/div>\n<\/div>\n<\/div>\n<div class=\"one\">\n<div id=\"menu_4821\" class=\"menu_content_classic\">\n<h5 class=\"menu_post\">\n\t\t\t\t        \t<span class=\"menu_title\">N\u01b0\u1edbc ng\u1ecdt<\/span><br \/>\n\t\t\t\t        \t<span class=\"menu_dots\"><\/span><span class=\"menu_price\">45.0.000\u20ab<\/span><\/h5>\n<div class=\"post_detail menu_excerpt\"><\/div>\n<\/div>\n<\/div>\n<div class=\"one\">\n<div id=\"menu_4824\" class=\"menu_content_classic\">\n<h5 class=\"menu_post\">\n\t\t\t\t        \t<span class=\"menu_title\">thu\u1ed1c b\u1ed5<\/span><br \/>\n\t\t\t\t        \t<span class=\"menu_dots\"><\/span><span class=\"menu_price\">45.0.000\u20ab<\/span><\/h5>\n<div class=\"post_detail menu_excerpt\"><\/div>\n<\/div>\n<\/div>\n<div class=\"one\">\n<div id=\"menu_4827\" class=\"menu_content_classic\">\n<h5 class=\"menu_post\">\n\t\t\t\t        \t<span class=\"menu_title\">Soda g\u1eebng<\/span><br \/>\n\t\t\t\t        \t<span class=\"menu_dots\"><\/span><span class=\"menu_price\">45.0.000\u20ab<\/span><\/h5>\n<div class=\"post_detail menu_excerpt\"><\/div>\n<\/div>\n<\/div>\n<div class=\"one\">\n<div id=\"menu_4830\" class=\"menu_content_classic\">\n<h5 class=\"menu_post\">\n\t\t\t\t        \t<span class=\"menu_title\">N\u01b0\u1edbc Kho\u00e1ng Alba<\/span><br \/>\n\t\t\t\t        \t<span class=\"menu_dots\"><\/span><span class=\"menu_price\">45.0.000\u20ab<\/span><\/h5>\n<div class=\"post_detail menu_excerpt\"><\/div>\n<\/div>\n<\/div>\n<div class=\"one\">\n<div id=\"menu_4833\" class=\"menu_content_classic\">\n<h5 class=\"menu_post\">\n\t\t\t\t        \t<span class=\"menu_title\">N\u01b0\u1edbc Kho\u00e1ng Evian<\/span><br \/>\n\t\t\t\t        \t<span class=\"menu_dots\"><\/span><span class=\"menu_price\">80.0.000\u20ab<\/span><\/h5>\n<div class=\"post_detail menu_excerpt\"><\/div>\n<\/div>\n<\/div>\n<div class=\"one\">\n<div id=\"menu_4836\" class=\"menu_content_classic\">\n<h5 class=\"menu_post\">\n\t\t\t\t        \t<span class=\"menu_title\">N\u01b0\u1edbc c\u00f3 ga Perrier<\/span><br \/>\n\t\t\t\t        \t<span class=\"menu_dots\"><\/span><span class=\"menu_price\">90.0.000\u20ab<\/span><\/h5>\n<div class=\"post_detail menu_excerpt\"><\/div>\n<\/div>\n<\/div>\n<div class=\"one\">\n<div id=\"menu_4839\" class=\"menu_content_classic\">\n<h5 class=\"menu_post\">\n\t\t\t\t        \t<span class=\"menu_title\">Tr\u00e0 \u0111\u00e1 \u2013 Tr\u00e0 \u0111\u00e1<\/span><br \/>\n\t\t\t\t        \t<span class=\"menu_dots\"><\/span><span class=\"menu_price\">10.0.000\u20ab<\/span><\/h5>\n<div class=\"post_detail menu_excerpt\"><\/div>\n<\/div>\n<\/div>\n<p><br class=\"clear\"\/><\/div>\n<\/div>\n<\/div>\n<\/div>\n<\/div>\n<\/div>\n<\/div>\n<div class=\"divider one\">&nbsp;<\/div>\n<div class=\"divider one\">&nbsp;<\/div>\n<div  class=\"ppb_menu_multiple one nopadding\" style=\"padding:50px 0 50px 0;\" >\n<div class=\"page_content_wrapper fullwidth\">\n<div class=\"standard_wrapper\">\n<div class=\"portfolio_filter_wrapper two_cols gallery portfolio-content section content clearfix\">\n<div class=\"element classic2_cols\">\n<div class=\"one_half gallery2 filterable static\">\n<div class=\"menu_multiple_wrapper\" style=\"\">\n<h2 class=\"ppb_title\"><span class=\"ppb_title_first\" >Bia,<\/span>R\u01b0\u1ee3u, Cocktail<\/h2>\n<\/div>\n<\/div>\n<\/div>\n<div class=\"element classic2_cols\">\n<div class=\"one_half gallery2 filterable static\">\n<div class=\"menu_multiple_wrapper\">\n<h2 class=\"ppb_menu_title\" >Bia<\/h2>\n<p><br class=\"clear\"\/><\/p>\n<div class=\"one\">\n<div id=\"menu_4791\" class=\"menu_content_classic\">\n<h5 class=\"menu_post\">\n\t\t\t\t        \t<span class=\"menu_title\">S\u00e0i G\u00f2n \u0110\u1eb7c Bi\u1ec7t<\/span><br \/>\n\t\t\t\t        \t<span class=\"menu_dots\"><\/span><span class=\"menu_price\">50.0.000\u20ab<\/span><\/h5>\n<div class=\"post_detail menu_excerpt\"><\/div>\n<\/div>\n<\/div>\n<div class=\"one\">\n<div id=\"menu_4794\" class=\"menu_content_classic\">\n<h5 class=\"menu_post\">\n\t\t\t\t        \t<span class=\"menu_title\">Heineken<\/span><br \/>\n\t\t\t\t        \t<span class=\"menu_dots\"><\/span><span class=\"menu_price\">60.0.000\u20ab<\/span><\/h5>\n<div class=\"post_detail menu_excerpt\"><\/div>\n<\/div>\n<\/div>\n<div class=\"one\">\n<div id=\"menu_4797\" class=\"menu_content_classic\">\n<h5 class=\"menu_post\">\n\t\t\t\t        \t<span class=\"menu_title\">B\u1ea1c Heineken<\/span><br \/>\n\t\t\t\t        \t<span class=\"menu_dots\"><\/span><span class=\"menu_price\">60.0.000\u20ab<\/span><\/h5>\n<div class=\"post_detail menu_excerpt\"><\/div>\n<\/div>\n<\/div>\n<div class=\"one\">\n<div id=\"menu_4800\" class=\"menu_content_classic\">\n<h5 class=\"menu_post\">\n\t\t\t\t        \t<span class=\"menu_title\">Con h\u1ed5<\/span><br \/>\n\t\t\t\t        \t<span class=\"menu_dots\"><\/span><span class=\"menu_price\">60.0.000\u20ab<\/span><\/h5>\n<div class=\"post_detail menu_excerpt\"><\/div>\n<\/div>\n<\/div>\n<div class=\"one\">\n<div id=\"menu_4803\" class=\"menu_content_classic\">\n<h5 class=\"menu_post\">\n\t\t\t\t        \t<span class=\"menu_title\">D\u1ef1 th\u1ea3o h\u1ed5<\/span><br \/>\n\t\t\t\t        \t<span class=\"menu_dots\"><\/span><span class=\"menu_price\">50.0.000\u20ab<\/span><\/h5>\n<div class=\"post_detail menu_excerpt\"><\/div>\n<\/div>\n<\/div>\n<div class=\"one\">\n<div id=\"menu_4806\" class=\"menu_content_classic\">\n<h5 class=\"menu_post\">\n\t\t\t\t        \t<span class=\"menu_title\">Strongbow (T\u00e1o v\u00e0ng)<\/span><br \/>\n\t\t\t\t        \t<span class=\"menu_dots\"><\/span><span class=\"menu_price\">50.0.000\u20ab<\/span><\/h5>\n<div class=\"post_detail menu_excerpt\"><\/div>\n<\/div>\n<\/div>\n<div class=\"one\">\n<div id=\"menu_4809\" class=\"menu_content_classic\">\n<h5 class=\"menu_post\">\n\t\t\t\t        \t<span class=\"menu_title\">Tete<\/span><br \/>\n\t\t\t\t        \t<span class=\"menu_dots\"><\/span><span class=\"menu_price\">90.0.000\u20ab<\/span><\/h5>\n<div class=\"post_detail menu_excerpt\"><\/div>\n<\/div>\n<\/div>\n<p><br class=\"clear\"\/><\/div>\n<\/div>\n<\/div>\n<div class=\"element classic2_cols\">\n<div class=\"one_half gallery2 filterable static\">\n<div class=\"menu_multiple_wrapper\">\n<h2 class=\"ppb_menu_title\" >Cocktail c\u1ee7a Laang<\/h2>\n<p><br class=\"clear\"\/><br \/><br class=\"clear\"\/><\/div>\n<\/div>\n<\/div>\n<div class=\"element classic2_cols\">\n<div class=\"one_half gallery2 filterable static\">\n<div class=\"menu_multiple_wrapper\">\n<h2 class=\"ppb_menu_title\" >R\u01b0\u1ee3u vang \u0111\u1ecf<\/h2>\n<p><br class=\"clear\"\/><br \/><br class=\"clear\"\/><\/div>\n<\/div>\n<\/div>\n<div class=\"element classic2_cols\">\n<div class=\"one_half gallery2 filterable static\">\n<div class=\"menu_multiple_wrapper\">\n<h2 class=\"ppb_menu_title\" >Hoa h\u1ed3ng<\/h2>\n<p><br class=\"clear\"\/><br \/><br class=\"clear\"\/><\/div>\n<\/div>\n<\/div>\n<div class=\"element classic2_cols\">\n<div class=\"one_half gallery2 filterable static\">\n<div class=\"menu_multiple_wrapper\">\n<h2 class=\"ppb_menu_title\" >R\u01b0\u1ee3u tr\u1eafng<\/h2>\n<p><br class=\"clear\"\/><br \/><br class=\"clear\"\/><\/div>\n<\/div>\n<\/div>\n<div class=\"element classic2_cols\">\n<div class=\"one_half gallery2 filterable static\">\n<div class=\"menu_multiple_wrapper\">\n<h2 class=\"ppb_menu_title\" >R\u01b0\u1ee3u b\u1eb1ng ly<\/h2>\n<p><br class=\"clear\"\/><br \/><br class=\"clear\"\/><\/div>\n<\/div>\n<\/div>\n<\/div>\n<\/div>\n<\/div>\n<\/div>","protected":false},"excerpt":{"rendered":"<p>Laang IS AN ASIAN-INSPIRED, VEGETARIAN- FRIENDLY RESTAURANT IN SAIGON. Juices T\u00e1o 69.0.000\u20ab Apple C\u00e0 r\u1ed1t 69.0.000\u20ab Carrot Cam 69.0.000\u20ab Orange B\u00f3 x\u00f4i, Th\u01a1m, T\u00e1o 79.0.000\u20ab Spinach, Pineapple, Apple Cam, Ngh\u1ec7, C\u00e0 r\u1ed1t 79.0.000\u20ab Orange, Turemic, Carrot Carrot, Cam, T\u00e1o, C\u1ee7 [&hellip;]<\/p>\n","protected":false},"author":8,"featured_media":4230,"parent":0,"menu_order":0,"comment_status":"closed","ping_status":"closed","template":"","meta":{"uix_meta_title":"","uix_meta_description":"","uix_canonical_url":"","footnotes":""},"folder":[],"class_list":["post-4287","page","type-page","status-publish","has-post-thumbnail","hentry"],"_links":{"self":[{"href":"https:\/\/laangsaigon.com\/vi\/wp-json\/wp\/v2\/pages\/4287","targetHints":{"allow":["GET"]}}],"collection":[{"href":"https:\/\/laangsaigon.com\/vi\/wp-json\/wp\/v2\/pages"}],"about":[{"href":"https:\/\/laangsaigon.com\/vi\/wp-json\/wp\/v2\/types\/page"}],"author":[{"embeddable":true,"href":"https:\/\/laangsaigon.com\/vi\/wp-json\/wp\/v2\/users\/8"}],"replies":[{"embeddable":true,"href":"https:\/\/laangsaigon.com\/vi\/wp-json\/wp\/v2\/comments?post=4287"}],"version-history":[{"count":17,"href":"https:\/\/laangsaigon.com\/vi\/wp-json\/wp\/v2\/pages\/4287\/revisions"}],"predecessor-version":[{"id":5857,"href":"https:\/\/laangsaigon.com\/vi\/wp-json\/wp\/v2\/pages\/4287\/revisions\/5857"}],"wp:featuredmedia":[{"embeddable":true,"href":"https:\/\/laangsaigon.com\/vi\/wp-json\/wp\/v2\/media\/4230"}],"wp:attachment":[{"href":"https:\/\/laangsaigon.com\/vi\/wp-json\/wp\/v2\/media?parent=4287"}],"wp:term":[{"taxonomy":"folder","embeddable":true,"href":"https:\/\/laangsaigon.com\/vi\/wp-json\/wp\/v2\/folder?post=4287"}],"curies":[{"name":"wp","href":"https:\/\/api.w.org\/{rel}","templated":true}]}}