{"id":7608,"date":"2024-02-20T10:10:06","date_gmt":"2024-02-20T03:10:06","guid":{"rendered":"https:\/\/laangsaigon.com\/?page_id=7608"},"modified":"2024-02-20T10:10:06","modified_gmt":"2024-02-20T03:10:06","slug":"%ec%82%ac%ec%9d%b4%ed%8a%b8%eb%a7%b5","status":"publish","type":"page","link":"https:\/\/laangsaigon.com\/ko\/sitemap\/","title":{"rendered":"\uc0ac\uc774\ud2b8\ub9f5"},"content":{"rendered":"<div class=\"rank-math-html-sitemap\"><div class=\"rank-math-html-sitemap__section rank-math-html-sitemap__section--post-type rank-math-html-sitemap__section--post\"><h2 class=\"rank-math-html-sitemap__title\">\uae00<\/h2><ul class=\"rank-math-html-sitemap__list\"><li class=\"rank-math-html-sitemap__item\"><a href=\"https:\/\/laangsaigon.com\/ko\/goi-ghem-xanh-nau-canh-lanh\/\" class=\"rank-math-html-sitemap__link\">G\u00d3I GH\u00c9M XANH - N\u1ea4U CANH L\u00c0NH<\/a> <span class=\"rank-math-html-sitemap__date\">(4\uc6d4 11, 2026)<\/span><\/li><li class=\"rank-math-html-sitemap__item\"><a href=\"https:\/\/laangsaigon.com\/ko\/catering-tron-goi-ba-phong-vi-mot-diem-den-cho-moi-bua-tiec\/\" class=\"rank-math-html-sitemap__link\">\u2728 Catering Tr\u1ecdn G\u00f3i: Ba Phong V\u1ecb, M\u1ed9t \u0110i\u1ec3m \u0110\u1ebfn Cho M\u1ecdi B\u1eefa Ti\u1ec7c \u2728<\/a> <span class=\"rank-math-html-sitemap__date\">(3\uc6d4 24, 2026)<\/span><\/li><li class=\"rank-math-html-sitemap__item\"><a href=\"https:\/\/laangsaigon.com\/ko\/tiec-giua-khoang-xanh-long-bong-rang-ro-%f0%9f%8c%bf\/\" class=\"rank-math-html-sitemap__link\">Ti\u1ec7c Gi\u1eefa Kho\u1ea3ng Xanh \u2013 L\u00f2ng B\u1ed1ng R\u1ea1ng R\u1ee1 \ud83c\udf3f<\/a> <span class=\"rank-math-html-sitemap__date\">(3\uc6d4 24, 2026)<\/span><\/li><li class=\"rank-math-html-sitemap__item\"><a href=\"https:\/\/laangsaigon.com\/ko\/quan-bui-group-offers-lessons-on-perseverance-and-success\/\" class=\"rank-math-html-sitemap__link\">Qu\u00e1n B\u1ee5i Group Offers Lessons on Perseverance and Success<\/a> <span class=\"rank-math-html-sitemap__date\">(3\uc6d4 11, 2026)<\/span><\/li><li class=\"rank-math-html-sitemap__item\"><a href=\"https:\/\/laangsaigon.com\/ko\/quan-bui-laang-saigon-khi-bua-tiec-tan-nien-bat-dau-tu-cam-giac-an-yen-cua-bep-nha\/\" class=\"rank-math-html-sitemap__link\">Qu\u00e1n B\u1ee5i \u2013 Laang Saigon: Khi b\u1eefa ti\u1ec7c t\u00e2n ni\u00ean b\u1eaft \u0111\u1ea7u t\u1eeb c\u1ea3m gi\u00e1c an y\u00ean c\u1ee7a b\u1ebfp nh\u00e0<\/a> <span class=\"rank-math-html-sitemap__date\">(2\uc6d4 25, 2026)<\/span><\/li><li class=\"rank-math-html-sitemap__item\"><a href=\"https:\/\/laangsaigon.com\/ko\/dining-out-an-afternoon-at-laang-saigon\/\" class=\"rank-math-html-sitemap__link\">Dining Out \u2013 \ub791 \uc0ac\uc774\uacf5(laang Saigon)\uc5d0\uc11c\uc758 \uc624\ud6c4<\/a> <span class=\"rank-math-html-sitemap__date\">(1\uc6d4 28, 2026)<\/span><\/li><li class=\"rank-math-html-sitemap__item\"><a href=\"https:\/\/laangsaigon.com\/ko\/lich-hoat-dong-dip-tet-nguyen-dan-2026\/\" class=\"rank-math-html-sitemap__link\">L\u1ecbch ho\u1ea1t \u0111\u1ed9ng d\u1ecbp t\u1ebft nguy\u00ean \u0111\u00e1n 2026<\/a> <span class=\"rank-math-html-sitemap__date\">(1\uc6d4 26, 2026)<\/span><\/li><li class=\"rank-math-html-sitemap__item\"><a href=\"https:\/\/laangsaigon.com\/ko\/le-cuoi-o-san-vuon-laang-saigon\/\" class=\"rank-math-html-sitemap__link\">L\u1ec5 c\u01b0\u1edbi \u1edf s\u00e2n v\u01b0\u1eddn Laang Saigon<\/a> <span class=\"rank-math-html-sitemap__date\">(1\uc6d4 26, 2026)<\/span><\/li><li class=\"rank-math-html-sitemap__item\"><a href=\"https:\/\/laangsaigon.com\/ko\/laang-restaurant-dat-hang-nhi-best-vietnamese-best-eats-peoples-picks-awards-2025\/\" class=\"rank-math-html-sitemap__link\">LAANG RESTAURANT \u0110\u1ea0T H\u1ea0NG NH\u00cc \u201cBEST VIETNAMESE \u2013 BEST EATS - People\u2019s Picks Awards 2025\u201d<\/a> <span class=\"rank-math-html-sitemap__date\">(12\uc6d4 11, 2025)<\/span><\/li><li class=\"rank-math-html-sitemap__item\"><a href=\"https:\/\/laangsaigon.com\/ko\/laang-saigon-is-honored-to-accompany-the-event-hcmc-networking-pitching-the-1-minute-pitch-for-fdi-b2c-organized-by-vrf\/\" class=\"rank-math-html-sitemap__link\">Laang Saigon is honored to accompany the event HCMC Networking &amp; Pitching: The 1-Minute Pitch for FDI B2C organized by VRF.<\/a> <span class=\"rank-math-html-sitemap__date\">(8\uc6d4 22, 2025)<\/span><\/li><li class=\"rank-math-html-sitemap__item\"><a href=\"https:\/\/laangsaigon.com\/ko\/indulge-in-elegance-a-laang-saigon-feature-by-epicure-vietnam\/\" class=\"rank-math-html-sitemap__link\">Indulge In Elegance: A Laang Saigon Feature by Epicure Vietnam<\/a> <span class=\"rank-math-html-sitemap__date\">(7\uc6d4 24, 2025)<\/span><\/li><li class=\"rank-math-html-sitemap__item\"><a href=\"https:\/\/laangsaigon.com\/ko\/%ec%9a%b0%eb%a6%ac%ec%9d%98-%ec%83%88%eb%a1%9c%ec%9a%b4-%ec%a7%80%ec%a0%90\/\" class=\"rank-math-html-sitemap__link\">\uc0c8\ub85c\uc6b4 \uc9c0\uc810\uc774 \uace7 \uc624\ud508\ud569\ub2c8\ub2e4<\/a> <span class=\"rank-math-html-sitemap__date\">(2025\ub144 3\uc6d4 13\uc77c)<\/span><\/li><li class=\"rank-math-html-sitemap__item\"><a href=\"https:\/\/laangsaigon.com\/ko\/%eb%9d%bc%ec%95%99-%ec%82%ac%ec%9d%b4%ea%b3%b5%ec%97%90%eb%8a%94-%eb%b4%84%ec%9d%98-%eb%b6%84%ec%9c%84%ea%b8%b0%ea%b0%80-%ea%b0%90%eb%8f%8c%ea%b3%a0-%ec%9e%88%ec%8a%b5%eb%8b%88%eb%8b%a4\/\" class=\"rank-math-html-sitemap__link\">LAANG SAIGON\uc5d0 \ubd04 \ubd84\uc704\uae30\uac00 \uac10\ub3cc\ub2e4<\/a> <span class=\"rank-math-html-sitemap__date\">(2025\ub144 1\uc6d4 10\uc77c)<\/span><\/li><li class=\"rank-math-html-sitemap__item\"><a href=\"https:\/\/laangsaigon.com\/ko\/2025%eb%85%84-%ec%9d%8c%eb%a0%a5%ec%84%a4-%ec%9d%bc%ec%a0%95-%ec%95%88%eb%82%b4\/\" class=\"rank-math-html-sitemap__link\">2025\ub144 \uc74c\ub825 \uc124\ub0a0 \uc77c\uc815 \uc548\ub0b4<\/a> <span class=\"rank-math-html-sitemap__date\">(2025\ub144 1\uc6d4 6\uc77c)<\/span><\/li><li class=\"rank-math-html-sitemap__item\"><a href=\"https:\/\/laangsaigon.com\/ko\/%ec%9d%b4%eb%b2%a4%ed%8a%b8%ec%97%90-%ec%88%98%eb%b0%98%eb%90%98%eb%8a%94-%ec%84%9c%eb%b9%84%ec%8a%a4-%ec%a0%9c%ea%b3%b5\/\" class=\"rank-math-html-sitemap__link\">\uc774\ubca4\ud2b8\uc5d0 \uc218\ubc18\ub418\ub294 \uc11c\ube44\uc2a4 \uc81c\uacf5 - QU\u00c1N B\u1ee4I GROUP<\/a> <span class=\"rank-math-html-sitemap__date\">(2024\ub144 11\uc6d4 8\uc77c)<\/span><\/li><li class=\"rank-math-html-sitemap__item\"><a href=\"https:\/\/laangsaigon.com\/ko\/11%ec%9b%94-%ed%94%84%eb%a1%9c%eb%aa%a8%ec%85%98\/\" class=\"rank-math-html-sitemap__link\">11\uc6d4 \ud504\ub85c\ubaa8\uc158<\/a> <span class=\"rank-math-html-sitemap__date\">(2024\ub144 11\uc6d4 5\uc77c)<\/span><\/li><li class=\"rank-math-html-sitemap__item\"><a href=\"https:\/\/laangsaigon.com\/ko\/%f0%9d%90%98%f0%9d%90%84%f0%9d%90%80%f0%9d%90%91-%f0%9d%90%84%f0%9d%90%8d%f0%9d%90%83-%f0%9d%90%8f%f0%9d%90%80%f0%9d%90%91%f0%9d%90%93%f0%9d%90%98-%f0%9d%90%80%f0%9d%90%93-%f0%9d%90%8b%f0%9d%90%80\/\" class=\"rank-math-html-sitemap__link\">\u314b\u314b\u314b<\/a> <span class=\"rank-math-html-sitemap__date\">(2024\ub144 10\uc6d4 24\uc77c)<\/span><\/li><li class=\"rank-math-html-sitemap__item\"><a href=\"https:\/\/laangsaigon.com\/ko\/%f0%9d%91%83%f0%9d%91%9f%f0%9d%91%96%f0%9d%91%a3%f0%9d%91%8e%f0%9d%91%a1%f0%9d%91%92-%f0%9d%90%b8%f0%9d%91%a3%f0%9d%91%92%f0%9d%91%9b%f0%9d%91%a1-%f0%9d%91%86%f0%9d%91%9d%f0%9d%91%8e%f0%9d%91%90\/\" class=\"rank-math-html-sitemap__link\">\ud835\udc43\ud835\udc5f\ud835\udc56\ud835\udc63\ud835\udc4e\ud835\udc61\ud835\udc52 \ud835\udc38\ud835\udc63\ud835\udc52\ud835\udc5b\ud835\udc61 \ud835\udc46\ud835\udc5d\ud835\udc4e\ud835\udc50\ud835\udc52 \ud835\udc4e\ud835\udc61 \ud835\udc3f\ud835\udc4e\ud835\udc4e\ud835\udc5b\ud835\udc54 \ud835\udc46\ud835\udc4e\ud835\udc56\ud835\udc54\ud835\udc5c\ud835\udc5b \ud835\udc36\ud835\udc52\ud835\udc5b\ud835\udc61\ud835\udc5f\ud835\udc4e\ud835\udc59<\/a> <span class=\"rank-math-html-sitemap__date\">(2024\ub144 10\uc6d4 18\uc77c)<\/span><\/li><li class=\"rank-math-html-sitemap__item\"><a href=\"https:\/\/laangsaigon.com\/ko\/%e3%85%8b%e3%85%8b%e3%85%8b%e3%85%8b%e3%85%8b%e3%85%8b\/\" class=\"rank-math-html-sitemap__link\">\ud835\udc00 \ud835\udc0c\ud835\udc1e\ud835\udc26\ud835\udc28\ud835\udc2b\ud835\udc1a\ud835\udc1b\ud835\udc25\ud835\udc1e \ud835\udc02\ud835\udc2e\ud835\udc25\ud835\udc22\ud835\udc27\ud835\udc1a\ud835\udc2b\ud835\udc32 \ud835\udc04\ud835\udc31\ud835\udc29\ud835\udc1e\ud835\udc2b\ud835\udc22\ud835\udc1e\ud835\udc27\ud835\udc1c\ud835\udc1e \ud835\udc1a\ud835\udc2d\ud835\udc21\ud835\udc1e \ud835\udc08\ud835\udc27\ud835\udc1d\ud835\udc1e\ud835\udc29\ud835\udc1e\ud835\udc27\ud835\udc1d\ud835\udc1e\ud835\udc27\ud835\udc1c\ud835\udc1e \ud835\udc0f\ud835\udc1a\ud835\udc25\ud835\udc1a\ud835\udc1c\ud835\udc1e \ud835\udc08\ud835\udc27\ud835\udc1d\ud835\udc1e\ud835\udc29\ud835\udc1e\ud835\udc27\ud835\udc1d\ud835\udc1e\ud835\udc27\ud835\udc1c\ud835\udc1e \ud835\udc0f\ud835\udc1a\ud835\udc25\ud835\udc1a\ud835\udc1c\ud835\udc1e \ud835\udc00 \ud835\udc0c\ud835\udc1e\ud835\udc26\ud835\udc28 ...<\/a> <span class=\"rank-math-html-sitemap__date\">(2024\ub144 10\uc6d4 11\uc77c)<\/span><\/li><li class=\"rank-math-html-sitemap__item\"><a href=\"https:\/\/laangsaigon.com\/ko\/8%ec%9b%94-%ed%94%84%eb%a1%9c%eb%aa%a8%ec%85%98\/\" class=\"rank-math-html-sitemap__link\">10\uc6d4 \ud504\ub85c\ubaa8\uc158<\/a> <span class=\"rank-math-html-sitemap__date\">(2024\ub144 10\uc6d4 2\uc77c)<\/span><\/li><li class=\"rank-math-html-sitemap__item\"><a href=\"https:\/\/laangsaigon.com\/ko\/%eb%a6%ac%ec%ba%a1-%eb%af%b8%ec%8a%a4-%ec%bd%94%ec%8a%a4%eb%aa%a8\/\" class=\"rank-math-html-sitemap__link\">\ud835\udc11\ud835\udc04\ud835\udc02\ud835\udc00\ud835\udc0f - \ud835\udc0c\ud835\udc08\ud835\udc12\ud835\udc12 \ud835\udc02\ud835\udc0e\ud835\udc12\ud835\udc0c\ud835\udc0e \ud835\udc13\ud835\udc00\u0323\ud835\udc08 \ud835\udc0b\ud835\udc00\ud835\udc00\ud835\udc0d\ud835\udc06 \ud835\udc12\ud835\udc00\ud835\udc08\ud835\udc06\ud835\udc0e\ud835\udc0d \ud835\udc02\ud835\udc04\ud835\udc0d\ud835\udc13\ud835\udc11\ud835\udc00\ud835\udc0b<\/a> <span class=\"rank-math-html-sitemap__date\">(2024\ub144 10\uc6d4 1\uc77c)<\/span><\/li><li class=\"rank-math-html-sitemap__item\"><a href=\"https:\/\/laangsaigon.com\/ko\/%ec%bd%94%ec%8a%a4%eb%aa%a8%ec%96%91%ec%9d%84-%ed%99%98%ec%98%81%ed%95%a9%eb%8b%88%eb%8b%a4\/\" class=\"rank-math-html-sitemap__link\">\ud835\udc16\ud835\udc04\ud835\udc0b\ud835\udc02\ud835\udc0e\ud835\udc0c\ud835\udc04 \ud835\udc0c\ud835\udc08\ud835\udc12\ud835\udc12 \ud835\udc02\ud835\udc0e\ud835\udc12\ud835\udc0c\ud835\udc0e \ud835\udc0e\ud835\udc11\ud835\udc06\ud835\udc00\ud835\udc0d\ud835\udc08\ud835\udc19\ud835\udc00\ud835\udc13\ud835\udc08\ud835\udc0e\ud835\udc0d &amp; \ud835\udc02\ud835\udc0e\ud835\udc0d\ud835\udc13\ud835\udc04\ud835\udc12\ud835\udc13\ud835\udc00\ud835\udc0d\ud835\udc13\ud835\udc12<\/a> <span class=\"rank-math-html-sitemap__date\">(2024\ub144 9\uc6d4 26\uc77c)<\/span><\/li><li class=\"rank-math-html-sitemap__item\"><a href=\"https:\/\/laangsaigon.com\/ko\/%ec%99%80%ec%9d%b8-%ec%95%b0%eb%b2%84%ec%8b%9c-%ec%8b%9c%ec%9d%8c\/\" class=\"rank-math-html-sitemap__link\">\ud835\udc16\ud835\udc08\ud835\udc0d\ud835\udc04 \ud835\udc04\ud835\udc0c\ud835\udc01\ud835\udc00\ud835\udc12\ud835\udc12\ud835\udc18 \ud835\udc13\ud835\udc00\ud835\udc12\ud835\udc13\ud835\udc08\ud835\udc0d\ud835\udc06<\/a> <span class=\"rank-math-html-sitemap__date\">(2024\ub144 9\uc6d4 23\uc77c)<\/span><\/li><li class=\"rank-math-html-sitemap__item\"><a href=\"https:\/\/laangsaigon.com\/ko\/%ed%95%a8%ea%bb%98-%ec%9e%ac%ea%b1%b4%ed%95%98%eb%8b%a4\/\" class=\"rank-math-html-sitemap__link\">\ud835\udc11\ud835\udc04\ud835\udc01\ud835\udc14\ud835\udc08\ud835\udc0b\ud835\udc03 \ud835\udc13\ud835\udc0e\ud835\udc06\ud835\udc04\ud835\udc13\ud835\udc07\ud835\udc04\ud835\udc11 - \ud835\udc05\ud835\udc14\ud835\udc0d\ud835\udc03\ud835\udc11\ud835\udc00\ud835\udc08\ud835\udc12\ud835\udc08\ud835\udc0d\ud835\udc06 \ud835\udc01\ud835\udc0e\ud835\udc0e\ud835\udc13\ud835\udc07<\/a> <span class=\"rank-math-html-sitemap__date\">(2024\ub144 9\uc6d4 23\uc77c)<\/span><\/li><li class=\"rank-math-html-sitemap__item\"><a href=\"https:\/\/laangsaigon.com\/ko\/8%ec%9b%94-%ed%94%84%eb%a1%9c%eb%aa%a8%ec%85%98-2\/\" class=\"rank-math-html-sitemap__link\">8\uc6d4 \ud504\ub85c\ubaa8\uc158<\/a> <span class=\"rank-math-html-sitemap__date\">(2024\ub144 8\uc6d4 6\uc77c)<\/span><\/li><li class=\"rank-math-html-sitemap__item\"><a href=\"https:\/\/laangsaigon.com\/ko\/quan-bui-%ea%b7%b8%eb%a3%b9-vip-%ec%b9%b4%eb%93%9c-%ec%9d%b4%ec%9a%a9-%ec%95%bd%ea%b4%80\/\" class=\"rank-math-html-sitemap__link\">QU\u00c1N B\u1ee4I \uadf8\ub8f9 VIP \uce74\ub4dc \uc774\uc6a9 \uc57d\uad00<\/a> <span class=\"rank-math-html-sitemap__date\">(2024\ub144 7\uc6d4 8\uc77c)<\/span><\/li><li class=\"rank-math-html-sitemap__item\"><a href=\"https:\/\/laangsaigon.com\/ko\/nha-hang-san-vuon-quan-2\/\" class=\"rank-math-html-sitemap__link\">Nh\u00e0 h\u00e0ng s\u00e2n v\u01b0\u1eddn - Cho nh\u1eefng b\u1eefa \u0103n \u1ea5m \u00e1p, tr\u00f2n v\u1ecb<\/a> <span class=\"rank-math-html-sitemap__date\">(4\uc6d4 1, 2022)<\/span><\/li><\/ul><\/div><div class=\"rank-math-html-sitemap__section rank-math-html-sitemap__section--post-type rank-math-html-sitemap__section--page\"><h2 class=\"rank-math-html-sitemap__title\">\ud398\uc774\uc9c0<\/h2><ul class=\"rank-math-html-sitemap__list\"><li class=\"rank-math-html-sitemap__item\"><a href=\"https:\/\/laangsaigon.com\/ko\/%f0%9d%90%91%f0%9d%90%84%f0%9d%90%81%f0%9d%90%94%f0%9d%90%88%f0%9d%90%8b%f0%9d%90%83-%f0%9d%90%93%f0%9d%90%8e%f0%9d%90%86%f0%9d%90%84%f0%9d%90%93%f0%9d%90%87%f0%9d%90%84%f0%9d%90%91-%f0%9d%90%85\/\" class=\"rank-math-html-sitemap__link\">\ud835\udc11\ud835\udc04\ud835\udc01\ud835\udc14\ud835\udc08\ud835\udc0b\ud835\udc03 \ud835\udc13\ud835\udc0e\ud835\udc06\ud835\udc04\ud835\udc13\ud835\udc07\ud835\udc04\ud835\udc11 - \ud835\udc05\ud835\udc14\ud835\udc0d\ud835\udc03\ud835\udc11\ud835\udc00\ud835\udc08\ud835\udc12\ud835\udc08\ud835\udc0d\ud835\udc06 \ud835\udc01\ud835\udc0e\ud835\udc0e\ud835\udc13\ud835\udc07<\/a> <span class=\"rank-math-html-sitemap__date\">(2024\ub144 9\uc6d4 20\uc77c)<\/span><\/li><li class=\"rank-math-html-sitemap__item\"><a href=\"https:\/\/laangsaigon.com\/ko\/%ec%82%ac%ec%9d%b4%ed%8a%b8%eb%a7%b5\/\" class=\"rank-math-html-sitemap__link\">\uc0ac\uc774\ud2b8\ub9f5<\/a> <span class=\"rank-math-html-sitemap__date\">(2024\ub144 2\uc6d4 20\uc77c)<\/span><\/li><li class=\"rank-math-html-sitemap__item\"><a href=\"https:\/\/laangsaigon.com\/ko\/%ec%9d%8c%eb%a3%8c-%eb%a9%94%eb%89%b4\/\" class=\"rank-math-html-sitemap__link\">\uc74c\ub8cc \uba54\ub274<\/a> <span class=\"rank-math-html-sitemap__date\">(2019\ub144 7\uc6d4 29\uc77c)<\/span><\/li><li class=\"rank-math-html-sitemap__item\"><a href=\"https:\/\/laangsaigon.com\/ko\/%ec%9a%b0%eb%a6%ac-%ec%9a%94%eb%a6%ac%ec%82%ac\/\" class=\"rank-math-html-sitemap__link\">\uc800\ud76c \uc694\ub9ac\uc0ac<\/a> <span class=\"rank-math-html-sitemap__date\">(2015\ub144 6\uc6d4 8\uc77c)<\/span><\/li><li class=\"rank-math-html-sitemap__item\"><a href=\"https:\/\/laangsaigon.com\/ko\/%ec%9c%84%ec%b9%98\/\" class=\"rank-math-html-sitemap__link\">\uc704\uce58<\/a> <span class=\"rank-math-html-sitemap__date\">(2015\ub144 6\uc6d4 4\uc77c)<\/span><\/li><li class=\"rank-math-html-sitemap__item\"><a href=\"https:\/\/laangsaigon.com\/ko\/%ec%a0%84%ec%84%b8\/\" class=\"rank-math-html-sitemap__link\">\ud14c\uc774\ube14 \uc608\uc57d<\/a> <span class=\"rank-math-html-sitemap__date\">(2015\ub144 6\uc6d4 4\uc77c)<\/span><\/li><li class=\"rank-math-html-sitemap__item\"><a href=\"https:\/\/laangsaigon.com\/ko\/%ec%9d%8c%ec%8b%9d-%eb%a9%94%eb%89%b4\/\" class=\"rank-math-html-sitemap__link\">\uc74c\uc2dd \uba54\ub274<\/a> <span class=\"rank-math-html-sitemap__date\">(2015\ub144 6\uc6d4 4\uc77c)<\/span><\/li><li class=\"rank-math-html-sitemap__item\"><a href=\"https:\/\/laangsaigon.com\/ko\/%eb%89%b4%ec%8a%a4-%ec%9d%b4%eb%b2%a4%ed%8a%b8\/\" class=\"rank-math-html-sitemap__link\">\ub274\uc2a4 \ubc0f \uc774\ubca4\ud2b8<\/a> <span class=\"rank-math-html-sitemap__date\">(2015\ub144 5\uc6d4 31\uc77c)<\/span><\/li><li class=\"rank-math-html-sitemap__item\"><a href=\"https:\/\/laangsaigon.com\/ko\/\" class=\"rank-math-html-sitemap__link\">\ub791\ub808\uc2a4\ud1a0\ub791<\/a> <span class=\"rank-math-html-sitemap__date\">(2015\ub144 5\uc6d4 30\uc77c)<\/span><\/li><\/ul><\/div><div class=\"rank-math-html-sitemap__section rank-math-html-sitemap__section--post-type rank-math-html-sitemap__section--menus\"><h2 class=\"rank-math-html-sitemap__title\">\uba54\ub274<\/h2><ul class=\"rank-math-html-sitemap__list\"><\/ul><\/div><div class=\"rank-math-html-sitemap__section rank-math-html-sitemap__section--taxonomy rank-math-html-sitemap__section--category\"><h2 class=\"rank-math-html-sitemap__title\">\uce74\ud14c\uace0\ub9ac<\/h2><ul class=\"rank-math-html-sitemap__list\"><li class=\"rank-math-html-sitemap__item\"><a href=\"https:\/\/laangsaigon.com\/ko\/%eb%b2%94%ec%a3%bc\/%eb%b8%94%eb%a1%9c%ea%b7%b8\/\" class=\"rank-math-html-sitemap__link\">\ube14\ub85c\uadf8<\/a><\/li><li class=\"rank-math-html-sitemap__item\"><a href=\"https:\/\/laangsaigon.com\/ko\/%eb%b2%94%ec%a3%bc\/%ec%9d%b4%eb%b2%a4%ed%8a%b8-en\/\" class=\"rank-math-html-sitemap__link\">\uc774\ubca4\ud2b8<\/a><\/li><li class=\"rank-math-html-sitemap__item\"><a href=\"https:\/\/laangsaigon.com\/ko\/%eb%b2%94%ec%a3%bc\/%ec%86%8c%ec%8b%9d\/\" class=\"rank-math-html-sitemap__link\">\ub274\uc2a4<\/a><\/li><\/ul><\/div><\/div>","protected":false},"excerpt":{"rendered":"","protected":false},"author":8,"featured_media":6973,"parent":0,"menu_order":0,"comment_status":"closed","ping_status":"closed","template":"","meta":{"uix_meta_title":"","uix_meta_description":"","uix_canonical_url":"","footnotes":""},"folder":[],"class_list":["post-7608","page","type-page","status-publish","has-post-thumbnail","hentry"],"_links":{"self":[{"href":"https:\/\/laangsaigon.com\/ko\/wp-json\/wp\/v2\/pages\/7608","targetHints":{"allow":["GET"]}}],"collection":[{"href":"https:\/\/laangsaigon.com\/ko\/wp-json\/wp\/v2\/pages"}],"about":[{"href":"https:\/\/laangsaigon.com\/ko\/wp-json\/wp\/v2\/types\/page"}],"author":[{"embeddable":true,"href":"https:\/\/laangsaigon.com\/ko\/wp-json\/wp\/v2\/users\/8"}],"replies":[{"embeddable":true,"href":"https:\/\/laangsaigon.com\/ko\/wp-json\/wp\/v2\/comments?post=7608"}],"version-history":[{"count":1,"href":"https:\/\/laangsaigon.com\/ko\/wp-json\/wp\/v2\/pages\/7608\/revisions"}],"predecessor-version":[{"id":7610,"href":"https:\/\/laangsaigon.com\/ko\/wp-json\/wp\/v2\/pages\/7608\/revisions\/7610"}],"wp:featuredmedia":[{"embeddable":true,"href":"https:\/\/laangsaigon.com\/ko\/wp-json\/wp\/v2\/media\/6973"}],"wp:attachment":[{"href":"https:\/\/laangsaigon.com\/ko\/wp-json\/wp\/v2\/media?parent=7608"}],"wp:term":[{"taxonomy":"folder","embeddable":true,"href":"https:\/\/laangsaigon.com\/ko\/wp-json\/wp\/v2\/folder?post=7608"}],"curies":[{"name":"\uc6cc\ub4dc\ud504\ub808\uc2a4","href":"https:\/\/api.w.org\/{rel}","templated":true}]}}