{"id":4287,"date":"2019-07-29T14:38:07","date_gmt":"2019-07-29T07:38:07","guid":{"rendered":"https:\/\/laangsaigon.com\/?page_id=4287"},"modified":"2022-03-15T21:18:22","modified_gmt":"2022-03-15T14:18:22","slug":"%ec%9d%8c%eb%a3%8c-%eb%a9%94%eb%89%b4","status":"publish","type":"page","link":"https:\/\/laangsaigon.com\/ko\/drinks-menu\/","title":{"rendered":"\uc74c\ub8cc \uba54\ub274"},"content":{"rendered":"<div  class=\"one withsmallpadding ppb_text\" style=\"text-align:center;padding-bottom:0 !important;padding:50px 0 50px 0;\" >\n<div class=\"standard_wrapper\">\n<div class=\"page_content_wrapper\">\n<div class=\"inner\">\n<div style=\"margin:auto;width:60%\">\n<div style=\"font-size: 30px; text-transform: uppercase; letter-spacing: -1px; font-weight: 300;\">Laang\uc740 \uc0ac\uc774\uacf5\uc5d0 \uc788\ub294 \uc544\uc2dc\uc544\uc5d0\uc11c \uc601\uac10\uc744 \ubc1b\uc740 \ucc44\uc2dd\uc8fc\uc758\uc790 \uce5c\ud654\uc801\uc778 \ub808\uc2a4\ud1a0\ub791\uc785\ub2c8\ub2e4.<\/div>\n<\/div>\n<\/div>\n<\/div>\n<\/div>\n<\/div>\n<div  class=\"one ppb_menu_with_image\" style=\"position:relative;padding:40px 0 40px 0;\" >\n<div class=\"standard_wrapper\">\n<div class=\"page_content_wrapper\">\n<div class=\"inner\">\n<div class=\"one_half parallax_scroll\" style=\"width:40%;position:absolute;left:90px;background:#ffffff;padding:40px;z-index:2;\" data-stellar-ratio=\"1.3\">\n<h2 class=\"ppb_menu_title\" >\uc8fc\uc2a4<\/h2>\n<div id=\"menu_3181\" class=\"menu_content_classic\">\n<h5 class=\"menu_post\">\n\t\t            \t<span class=\"menu_title\" style=\"background:#ffffff;\">\ud0c0\uc624<\/span><br \/>\n\t\t            \t<span class=\"menu_dots\"><\/span><br \/>\n\t\t            \t<span class=\"menu_price\" style=\"background:#ffffff;\">69.0.000\u20ab<\/span><\/h5>\n<div class=\"post_detail menu_excerpt\">\uc0ac\uacfc <\/div>\n<\/div>\n<div id=\"menu_3180\" class=\"menu_content_classic\">\n<h5 class=\"menu_post\">\n\t\t            \t<span class=\"menu_title\" style=\"background:#ffffff;\">\uae4c\ub86f<\/span><br \/>\n\t\t            \t<span class=\"menu_dots\"><\/span><br \/>\n\t\t            \t<span class=\"menu_price\" style=\"background:#ffffff;\">69.0.000\u20ab<\/span><\/h5>\n<div class=\"post_detail menu_excerpt\">\ub2f9\uadfc<\/div>\n<\/div>\n<div id=\"menu_3182\" class=\"menu_content_classic\">\n<h5 class=\"menu_post\">\n\t\t            \t<span class=\"menu_title\" style=\"background:#ffffff;\">\ucea0<\/span><br \/>\n\t\t            \t<span class=\"menu_dots\"><\/span><br \/>\n\t\t            \t<span class=\"menu_price\" style=\"background:#ffffff;\">69.0.000\u20ab<\/span><\/h5>\n<div class=\"post_detail menu_excerpt\">\uc8fc\ud669\uc0c9<\/div>\n<div class=\"menu_highlight\"><i class=\"fa fa-star\"><\/i><\/div>\n<\/div>\n<div id=\"menu_3189\" class=\"menu_content_classic\">\n<h5 class=\"menu_post\">\n\t\t            \t<span class=\"menu_title\" style=\"background:#ffffff;\">B\u00f3 x\u00f4i, Th\u00f4m, T\u00e1o<\/span><br \/>\n\t\t            \t<span class=\"menu_dots\"><\/span><br \/>\n\t\t            \t<span class=\"menu_price\" style=\"background:#ffffff;\">79.0.000\u20ab<\/span><\/h5>\n<div class=\"post_detail menu_excerpt\">\uc2dc\uae08\uce58, \ud30c\uc778\uc560\ud50c, \uc0ac\uacfc<\/div>\n<div class=\"menu_highlight\"><i class=\"fa fa-star\"><\/i><\/div>\n<\/div>\n<div id=\"menu_3183\" class=\"menu_content_classic\">\n<h5 class=\"menu_post\">\n\t\t            \t<span class=\"menu_title\" style=\"background:#ffffff;\">Cam, Ngheh, C\u00e0 r\u1ed1t<\/span><br \/>\n\t\t            \t<span class=\"menu_dots\"><\/span><br \/>\n\t\t            \t<span class=\"menu_price\" style=\"background:#ffffff;\">79.0.000\u20ab<\/span><\/h5>\n<div class=\"post_detail menu_excerpt\">\uc624\ub80c\uc9c0, \uac15\ud669, \ub2f9\uadfc<\/div>\n<\/div>\n<div id=\"menu_3184\" class=\"menu_content_classic\">\n<h5 class=\"menu_post\">\n\t\t            \t<span class=\"menu_title\" style=\"background:#ffffff;\">\ub2f9\uadfc, Cam, T\u00e1o, C\u1ee7 d\u1ec1n, G\u1eebng<\/span><br \/>\n\t\t            \t<span class=\"menu_dots\"><\/span><br \/>\n\t\t            \t<span class=\"menu_price\" style=\"background:#ffffff;\">79.0.000\u20ab<\/span><\/h5>\n<div class=\"post_detail menu_excerpt\"> \ub2f9\uadfc, \uc624\ub80c\uc9c0, \uc0ac\uacfc, \ube44\ud2b8 \ubfcc\ub9ac, \uc0dd\uac15<\/div>\n<\/div>\n<div id=\"menu_3179\" class=\"menu_content_classic\">\n<h5 class=\"menu_post\">\n\t\t            \t<span class=\"menu_title\" style=\"background:#ffffff;\">\ud23c<\/span><br \/>\n\t\t            \t<span class=\"menu_dots\"><\/span><br \/>\n\t\t            \t<span class=\"menu_price\" style=\"background:#ffffff;\">69.0.000\u20ab<\/span><\/h5>\n<div class=\"post_detail menu_excerpt\">\ud30c\uc778\uc560\ud50c<\/div>\n<\/div>\n<div id=\"menu_3178\" class=\"menu_content_classic\">\n<h5 class=\"menu_post\">\n\t\t            \t<span class=\"menu_title\" style=\"background:#ffffff;\">\ub4dc\uc544\ud5c8\uc6b0<\/span><br \/>\n\t\t            \t<span class=\"menu_dots\"><\/span><br \/>\n\t\t            \t<span class=\"menu_price\" style=\"background:#ffffff;\">69.0.000\u20ab<\/span><\/h5>\n<div class=\"post_detail menu_excerpt\"> \uc218\ubc15 <\/div>\n<\/div>\n<div id=\"menu_3177\" class=\"menu_content_classic\">\n<h5 class=\"menu_post\">\n\t\t            \t<span class=\"menu_title\" style=\"background:#ffffff;\">\ub450\uc544<\/span><br \/>\n\t\t            \t<span class=\"menu_dots\"><\/span><br \/>\n\t\t            \t<span class=\"menu_price\" style=\"background:#ffffff;\">59.0.000\u20ab<\/span><\/h5>\n<div class=\"post_detail menu_excerpt\"> \ucf54\ucf54\ub11b<\/div>\n<\/div>\n<\/div>\n<div class=\"one_half parallax_scroll_image last\" style=\"width:65%;\">\n<div class=\"image_classic_frame expand\">\n<div class=\"image_wrapper\"><a href=\"https:\/\/laangsaigon.com\/wp-content\/uploads\/2019\/07\/maki-501.jpg\" class=\"img_frame\"><img decoding=\"async\" src=\"https:\/\/laangsaigon.com\/wp-content\/uploads\/2019\/07\/maki-501.jpg\" class=\"portfolio_img\" alt=\"\"\/><\/a><\/div>\n<\/div>\n<\/div>\n<p><br class=\"clear\"\/><\/div>\n<\/div>\n<\/div>\n<\/div>\n<div class=\"divider one\">&nbsp;<\/div>\n<div class=\"divider one\">&nbsp;<\/div>\n<div  class=\"one ppb_menu_with_image_fullwidth\" style=\"position:relative;padding:40px 0 40px 0;color:#ffffff;\" >\n<div class=\"one\">\n<div class=\"image_classic_frame expand\">\n<div class=\"fullwidth_image\" style=\"height:500px;background-image:url('https:\/\/laangsaigon.com\/wp-content\/uploads\/2019\/07\/MG_8136.jpg');\"><\/div>\n<\/div>\n<\/div>\n<div class=\"one_half last parallax_scroll\" style=\"width:40%;position:absolute;left:30%;background:#25252f;padding:40px;\" data-stellar-ratio=\"1.3\" data-stellar-vertical-offset=\"500\">\n<h2 class=\"ppb_menu_title\" style=\"color:#ffffff;border-color:#ffffff;\">&quot;TRA&quot;\uc758 \uc608\uc220<\/h2>\n<\/div>\n<\/div>\n<\/div>\n<\/div>\n<div class=\"divider one\">&nbsp;<\/div>\n<div class=\"divider one\">&nbsp;<\/div>\n<div  class=\"ppb_menu_multiple one nopadding\" style=\"padding:50px 0 50px 0;\" >\n<div class=\"page_content_wrapper fullwidth\">\n<div class=\"standard_wrapper\">\n<div class=\"portfolio_filter_wrapper two_cols gallery portfolio-content section content clearfix\">\n<div class=\"element classic2_cols\">\n<div class=\"one_half gallery2 filterable static\">\n<div class=\"menu_multiple_wrapper\" style=\"\">\n<h2 class=\"ppb_title\"><span class=\"ppb_title_first\" >\ubd80\ub4dc\ub7ec\uc6b4<\/span>\uc74c\ub8cc, \ucee4\ud53c, \uc2a4\ubb34\ub514<\/h2>\n<\/div>\n<\/div>\n<\/div>\n<div class=\"element classic2_cols\">\n<div class=\"one_half gallery2 filterable static\">\n<div class=\"menu_multiple_wrapper\">\n<h2 class=\"ppb_menu_title\" >\ucee4\ud53c<\/h2>\n<p><br class=\"clear\"\/><\/p>\n<div class=\"one\">\n<div id=\"menu_4764\" class=\"menu_content_classic\">\n<h5 class=\"menu_post\">\n\t\t\t\t        \t<span class=\"menu_title\">\uc5d0\uc2a4\ud504\ub808\uc18c<\/span><br \/>\n\t\t\t\t        \t<span class=\"menu_dots\"><\/span><span class=\"menu_price\">40.0.000\u20ab<\/span><\/h5>\n<div class=\"post_detail menu_excerpt\"><\/div>\n<\/div>\n<\/div>\n<div class=\"one\">\n<div id=\"menu_4767\" class=\"menu_content_classic\">\n<h5 class=\"menu_post\">\n\t\t\t\t        \t<span class=\"menu_title\">\ub9c8\ud0a4\uc544\ud1a0<\/span><br \/>\n\t\t\t\t        \t<span class=\"menu_dots\"><\/span><span class=\"menu_price\">50.0.000\u20ab<\/span><\/h5>\n<div class=\"post_detail menu_excerpt\"><\/div>\n<\/div>\n<\/div>\n<div class=\"one\">\n<div id=\"menu_4770\" class=\"menu_content_classic\">\n<h5 class=\"menu_post\">\n\t\t\t\t        \t<span class=\"menu_title\">\uc544\uba54\ub9ac\uce74\ub178<\/span><br \/>\n\t\t\t\t        \t<span class=\"menu_dots\"><\/span><span class=\"menu_price\">50.0.000\u20ab<\/span><\/h5>\n<div class=\"post_detail menu_excerpt\"><\/div>\n<\/div>\n<\/div>\n<div class=\"one\">\n<div id=\"menu_4773\" class=\"menu_content_classic\">\n<h5 class=\"menu_post\">\n\t\t\t\t        \t<span class=\"menu_title\">\uce74\ud478\uce58\ub178<\/span><br \/>\n\t\t\t\t        \t<span class=\"menu_dots\"><\/span><span class=\"menu_price\">55.0.000\u20ab<\/span><\/h5>\n<div class=\"post_detail menu_excerpt\"><\/div>\n<\/div>\n<\/div>\n<div class=\"one\">\n<div id=\"menu_4776\" class=\"menu_content_classic\">\n<h5 class=\"menu_post\">\n\t\t\t\t        \t<span class=\"menu_title\">\ub77c\ub5bc<\/span><br \/>\n\t\t\t\t        \t<span class=\"menu_dots\"><\/span><span class=\"menu_price\">55.0.000\u20ab<\/span><\/h5>\n<div class=\"post_detail menu_excerpt\"><\/div>\n<\/div>\n<\/div>\n<div class=\"one\">\n<div id=\"menu_4779\" class=\"menu_content_classic\">\n<h5 class=\"menu_post\">\n\t\t\t\t        \t<span class=\"menu_title\">\uc544\uc774\uc2a4 \uc544\uba54\ub9ac\uce74\ub178<\/span><br \/>\n\t\t\t\t        \t<span class=\"menu_dots\"><\/span><span class=\"menu_price\">60.0.000\u20ab<\/span><\/h5>\n<div class=\"post_detail menu_excerpt\"><\/div>\n<\/div>\n<\/div>\n<div class=\"one\">\n<div id=\"menu_4782\" class=\"menu_content_classic\">\n<h5 class=\"menu_post\">\n\t\t\t\t        \t<span class=\"menu_title\">\uc544\uc774\uc2a4 \ub77c\ub5bc<\/span><br \/>\n\t\t\t\t        \t<span class=\"menu_dots\"><\/span><span class=\"menu_price\">60.0.000\u20ab<\/span><\/h5>\n<div class=\"post_detail menu_excerpt\"><\/div>\n<\/div>\n<\/div>\n<div class=\"one\">\n<div id=\"menu_4785\" class=\"menu_content_classic\">\n<h5 class=\"menu_post\">\n\t\t\t\t        \t<span class=\"menu_title\">\uce74\ud398\ubaa8\uce74<\/span><br \/>\n\t\t\t\t        \t<span class=\"menu_dots\"><\/span><span class=\"menu_price\">60.0.000\u20ab<\/span><\/h5>\n<div class=\"post_detail menu_excerpt\"><\/div>\n<\/div>\n<\/div>\n<div class=\"one\">\n<div id=\"menu_4788\" class=\"menu_content_classic\">\n<h5 class=\"menu_post\">\n\t\t\t\t        \t<span class=\"menu_title\">\ubca0\ud2b8\ub0a8 \ucee4\ud53c<\/span><br \/>\n\t\t\t\t        \t<span class=\"menu_dots\"><\/span><span class=\"menu_price\">40.0.000\u20ab<\/span><\/h5>\n<div class=\"post_detail menu_excerpt\"><\/div>\n<\/div>\n<\/div>\n<p><br class=\"clear\"\/><\/div>\n<\/div>\n<\/div>\n<div class=\"element classic2_cols\">\n<div class=\"one_half gallery2 filterable static\">\n<div class=\"menu_multiple_wrapper\">\n<h2 class=\"ppb_menu_title\" >\uc2a4\ubb34\ub514<\/h2>\n<p><br class=\"clear\"\/><\/p>\n<div class=\"one\">\n<div id=\"menu_4711\" class=\"menu_content_classic\">\n<h5 class=\"menu_post\">\n\t\t\t\t        \t<span class=\"menu_title\">C\u1ea3i xo\u1eafn, M\u00e3ng c\u1ea7u, Th\u00f4m, M\u1eadt ong<\/span><br \/>\n\t\t\t\t        \t<span class=\"menu_dots\"><\/span><span class=\"menu_price\">79.0.000\u20ab<\/span><\/h5>\n<div class=\"post_detail menu_excerpt\">\ucf00\uc77c, \uc0ac\uc6cc\uc218\ud504, \ud30c\uc778\uc560\ud50c, \uafc0<\/div>\n<\/div>\n<\/div>\n<div class=\"one\">\n<div id=\"menu_4714\" class=\"menu_content_classic\">\n<h5 class=\"menu_post\">\n\t\t\t\t        \t<span class=\"menu_title\">C\u1ea3i xo\u1eafn, T\u00e1o, Th\u00f4m, G\u1eebng, M\u1eadt ong<\/span><br \/>\n\t\t\t\t        \t<span class=\"menu_dots\"><\/span><span class=\"menu_price\">79.0.000\u20ab<\/span><\/h5>\n<div class=\"post_detail menu_excerpt\">\ucf00\uc77c, \uc0ac\uacfc, \ud30c\uc778\uc560\ud50c, \uc0dd\uac15, \uafc0<\/div>\n<\/div>\n<\/div>\n<div class=\"one\">\n<div id=\"menu_4717\" class=\"menu_content_classic\">\n<h5 class=\"menu_post\">\n\t\t\t\t        \t<span class=\"menu_title\">B\u00f3 x\u00f4i, Cam, Kiwi, T\u00e1o, G\u1eebng, M\u1eadt ong<\/span><br \/>\n\t\t\t\t        \t<span class=\"menu_dots\"><\/span><span class=\"menu_price\">79.0.000\u20ab<\/span><\/h5>\n<div class=\"post_detail menu_excerpt\">\uc2dc\uae08\uce58, \uc624\ub80c\uc9c0, \ud0a4\uc704, \uc0ac\uacfc, \uc0dd\uac15, \uafc0<\/div>\n<\/div>\n<\/div>\n<div class=\"one\">\n<div id=\"menu_4720\" class=\"menu_content_classic\">\n<h5 class=\"menu_post\">\n\t\t\t\t        \t<span class=\"menu_title\">Cam, Th\u00f4m, C\u00e0 r\u1ed1t, G\u1eebng, Ngheh, M\u1eadt ong<\/span><br \/>\n\t\t\t\t        \t<span class=\"menu_dots\"><\/span><span class=\"menu_price\">79.0.000\u20ab<\/span><\/h5>\n<div class=\"post_detail menu_excerpt\">\uc624\ub80c\uc9c0, \ud30c\uc778\uc560\ud50c, \ub2f9\uadfc, \uc0dd\uac15, \uac15\ud669, \uafc0<\/div>\n<\/div>\n<\/div>\n<div class=\"one\">\n<div id=\"menu_4723\" class=\"menu_content_classic\">\n<h5 class=\"menu_post\">\n\t\t\t\t        \t<span class=\"menu_title\">\uc3d8\uc544\uc774(Xo\u00e0i), \ub614(Th\u00f4m), \ucc2c\ub370\uc774(Chanh d\u00e2y), \ub9f7\uc639(M\u1eadt ong)<\/span><br \/>\n\t\t\t\t        \t<span class=\"menu_dots\"><\/span><span class=\"menu_price\">79.0.000\u20ab<\/span><\/h5>\n<div class=\"post_detail menu_excerpt\">\ub9dd\uace0, \ud30c\uc778\uc560\ud50c, \ud328\uc158\ud504\ub8e8\ud2b8, \uafc0<\/div>\n<\/div>\n<\/div>\n<div class=\"one\">\n<div id=\"menu_4726\" class=\"menu_content_classic\">\n<h5 class=\"menu_post\">\n\t\t\t\t        \t<span class=\"menu_title\">\ucd94\uc624\uc774(Chu\u1ed1i), \uce84(Cam), \ud23c(Th\u00f4m), \ub9f7\uc639(M\u1eadt ong)<\/span><br \/>\n\t\t\t\t        \t<span class=\"menu_dots\"><\/span><span class=\"menu_price\">79.0.000\u20ab<\/span><\/h5>\n<div class=\"post_detail menu_excerpt\">\ubc14\ub098\ub098, \uc624\ub80c\uc9c0, \ud30c\uc778\uc560\ud50c, \uafc0<\/div>\n<\/div>\n<\/div>\n<div class=\"one\">\n<div id=\"menu_4729\" class=\"menu_content_classic\">\n<h5 class=\"menu_post\">\n\t\t\t\t        \t<span class=\"menu_title\">\ub2e4\uc6b0, \ucd94\uc624\uc774, \ud0c0\uc624<\/span><br \/>\n\t\t\t\t        \t<span class=\"menu_dots\"><\/span><span class=\"menu_price\">79.0.000\u20ab<\/span><\/h5>\n<div class=\"post_detail menu_excerpt\">\ub538\uae30, \ubc14\ub098\ub098, \uc0ac\uacfc<\/div>\n<\/div>\n<\/div>\n<div class=\"one\">\n<div id=\"menu_4732\" class=\"menu_content_classic\">\n<h5 class=\"menu_post\">\n\t\t\t\t        \t<span class=\"menu_title\">D\u00e2u, Chanh, M\u1eadt ong<\/span><br \/>\n\t\t\t\t        \t<span class=\"menu_dots\"><\/span><span class=\"menu_price\">79.0.000\u20ab<\/span><\/h5>\n<div class=\"post_detail menu_excerpt\">\ub538\uae30, \ub77c\uc784, \uafc0<\/div>\n<\/div>\n<\/div>\n<div class=\"one\">\n<div id=\"menu_4735\" class=\"menu_content_classic\">\n<h5 class=\"menu_post\">\n\t\t\t\t        \t<span class=\"menu_title\">D\u00e2u, M\u00e3ng c\u1ea7u, Th\u00f4m, M\u1eadt ong<\/span><br \/>\n\t\t\t\t        \t<span class=\"menu_dots\"><\/span><span class=\"menu_price\">79.0.000\u20ab<\/span><\/h5>\n<div class=\"post_detail menu_excerpt\">\ub538\uae30, \uc0ac\uc6cc\uc218\ud504, \ud30c\uc778\uc560\ud50c, \uafc0<\/div>\n<\/div>\n<\/div>\n<div class=\"one\">\n<div id=\"menu_4738\" class=\"menu_content_classic\">\n<h5 class=\"menu_post\">\n\t\t\t\t        \t<span class=\"menu_title\">D\u00e2u, Chu\u1ed1i, Cam, Th\u00f4m, Qu\u1ebf, M\u1eadt ong<\/span><br \/>\n\t\t\t\t        \t<span class=\"menu_dots\"><\/span><span class=\"menu_price\">79.0.000\u20ab<\/span><\/h5>\n<div class=\"post_detail menu_excerpt\">\ub538\uae30, \ubc14\ub098\ub098, \uc624\ub80c\uc9c0, \ud30c\uc778\uc560\ud50c, \uacc4\ud53c, \uafc0<\/div>\n<\/div>\n<\/div>\n<p><br class=\"clear\"\/><\/div>\n<\/div>\n<\/div>\n<div class=\"element classic2_cols\">\n<div class=\"one_half gallery2 filterable static\">\n<div class=\"menu_multiple_wrapper\">\n<h2 class=\"ppb_menu_title\" >\uccad\ub7c9 \uc74c\ub8cc<\/h2>\n<p><br class=\"clear\"\/><\/p>\n<div class=\"one\">\n<div id=\"menu_4812\" class=\"menu_content_classic\">\n<h5 class=\"menu_post\">\n\t\t\t\t        \t<span class=\"menu_title\">\ucf5c\ub77c<\/span><br \/>\n\t\t\t\t        \t<span class=\"menu_dots\"><\/span><span class=\"menu_price\">45.0.000\u20ab<\/span><\/h5>\n<div class=\"post_detail menu_excerpt\"><\/div>\n<\/div>\n<\/div>\n<div class=\"one\">\n<div id=\"menu_4815\" class=\"menu_content_classic\">\n<h5 class=\"menu_post\">\n\t\t\t\t        \t<span class=\"menu_title\">\ub2e4\uc774\uc5b4\ud2b8 \ucf5c\ub77c<\/span><br \/>\n\t\t\t\t        \t<span class=\"menu_dots\"><\/span><span class=\"menu_price\">45.0.000\u20ab<\/span><\/h5>\n<div class=\"post_detail menu_excerpt\"><\/div>\n<\/div>\n<\/div>\n<div class=\"one\">\n<div id=\"menu_4818\" class=\"menu_content_classic\">\n<h5 class=\"menu_post\">\n\t\t\t\t        \t<span class=\"menu_title\">7\uc704<\/span><br \/>\n\t\t\t\t        \t<span class=\"menu_dots\"><\/span><span class=\"menu_price\">45.0.000\u20ab<\/span><\/h5>\n<div class=\"post_detail menu_excerpt\"><\/div>\n<\/div>\n<\/div>\n<div class=\"one\">\n<div id=\"menu_4821\" class=\"menu_content_classic\">\n<h5 class=\"menu_post\">\n\t\t\t\t        \t<span class=\"menu_title\">\ud0c4\uc0b0 \uc74c\ub8cc<\/span><br \/>\n\t\t\t\t        \t<span class=\"menu_dots\"><\/span><span class=\"menu_price\">45.0.000\u20ab<\/span><\/h5>\n<div class=\"post_detail menu_excerpt\"><\/div>\n<\/div>\n<\/div>\n<div class=\"one\">\n<div id=\"menu_4824\" class=\"menu_content_classic\">\n<h5 class=\"menu_post\">\n\t\t\t\t        \t<span class=\"menu_title\">\ud1a0\ub2c9<\/span><br \/>\n\t\t\t\t        \t<span class=\"menu_dots\"><\/span><span class=\"menu_price\">45.0.000\u20ab<\/span><\/h5>\n<div class=\"post_detail menu_excerpt\"><\/div>\n<\/div>\n<\/div>\n<div class=\"one\">\n<div id=\"menu_4827\" class=\"menu_content_classic\">\n<h5 class=\"menu_post\">\n\t\t\t\t        \t<span class=\"menu_title\">\uc9c4\uc800 \uc5d0\uc77c<\/span><br \/>\n\t\t\t\t        \t<span class=\"menu_dots\"><\/span><span class=\"menu_price\">45.0.000\u20ab<\/span><\/h5>\n<div class=\"post_detail menu_excerpt\"><\/div>\n<\/div>\n<\/div>\n<div class=\"one\">\n<div id=\"menu_4830\" class=\"menu_content_classic\">\n<h5 class=\"menu_post\">\n\t\t\t\t        \t<span class=\"menu_title\">\uc54c\ubc14 \ubbf8\ub124\ub784 \uc6cc\ud130<\/span><br \/>\n\t\t\t\t        \t<span class=\"menu_dots\"><\/span><span class=\"menu_price\">45.0.000\u20ab<\/span><\/h5>\n<div class=\"post_detail menu_excerpt\"><\/div>\n<\/div>\n<\/div>\n<div class=\"one\">\n<div id=\"menu_4833\" class=\"menu_content_classic\">\n<h5 class=\"menu_post\">\n\t\t\t\t        \t<span class=\"menu_title\">\uc5d0\ube44\uc559 \ubbf8\ub124\ub784 \uc6cc\ud130<\/span><br \/>\n\t\t\t\t        \t<span class=\"menu_dots\"><\/span><span class=\"menu_price\">80.0.000\u20ab<\/span><\/h5>\n<div class=\"post_detail menu_excerpt\"><\/div>\n<\/div>\n<\/div>\n<div class=\"one\">\n<div id=\"menu_4836\" class=\"menu_content_classic\">\n<h5 class=\"menu_post\">\n\t\t\t\t        \t<span class=\"menu_title\">\ud398\ub9ac\uc5d0 \ud0c4\uc0b0\uc218<\/span><br \/>\n\t\t\t\t        \t<span class=\"menu_dots\"><\/span><span class=\"menu_price\">90.0.000\u20ab<\/span><\/h5>\n<div class=\"post_detail menu_excerpt\"><\/div>\n<\/div>\n<\/div>\n<div class=\"one\">\n<div id=\"menu_4839\" class=\"menu_content_classic\">\n<h5 class=\"menu_post\">\n\t\t\t\t        \t<span class=\"menu_title\">Tr\u00e0 \u0111\u00e1 - \uc544\uc774\uc2a4\ud2f0<\/span><br \/>\n\t\t\t\t        \t<span class=\"menu_dots\"><\/span><span class=\"menu_price\">10.0.000\u20ab<\/span><\/h5>\n<div class=\"post_detail menu_excerpt\"><\/div>\n<\/div>\n<\/div>\n<p><br class=\"clear\"\/><\/div>\n<\/div>\n<\/div>\n<\/div>\n<\/div>\n<\/div>\n<\/div>\n<div class=\"divider one\">&nbsp;<\/div>\n<div class=\"divider one\">&nbsp;<\/div>\n<div  class=\"ppb_menu_multiple one nopadding\" style=\"padding:50px 0 50px 0;\" >\n<div class=\"page_content_wrapper fullwidth\">\n<div class=\"standard_wrapper\">\n<div class=\"portfolio_filter_wrapper two_cols gallery portfolio-content section content clearfix\">\n<div class=\"element classic2_cols\">\n<div class=\"one_half gallery2 filterable static\">\n<div class=\"menu_multiple_wrapper\" style=\"\">\n<h2 class=\"ppb_title\"><span class=\"ppb_title_first\" >\ub9e5\uc8fc,<\/span>\uc640\uc778, \uce75\ud14c\uc77c<\/h2>\n<\/div>\n<\/div>\n<\/div>\n<div class=\"element classic2_cols\">\n<div class=\"one_half gallery2 filterable static\">\n<div class=\"menu_multiple_wrapper\">\n<h2 class=\"ppb_menu_title\" >\ub9e5\uc8fc<\/h2>\n<p><br class=\"clear\"\/><\/p>\n<div class=\"one\">\n<div id=\"menu_4791\" class=\"menu_content_classic\">\n<h5 class=\"menu_post\">\n\t\t\t\t        \t<span class=\"menu_title\">\uc0ac\uc774\uacf5 \uc2a4\ud398\uc15c<\/span><br \/>\n\t\t\t\t        \t<span class=\"menu_dots\"><\/span><span class=\"menu_price\">50.0.000\u20ab<\/span><\/h5>\n<div class=\"post_detail menu_excerpt\"><\/div>\n<\/div>\n<\/div>\n<div class=\"one\">\n<div id=\"menu_4794\" class=\"menu_content_classic\">\n<h5 class=\"menu_post\">\n\t\t\t\t        \t<span class=\"menu_title\">\ud558\uc774\ub124\ucf04<\/span><br \/>\n\t\t\t\t        \t<span class=\"menu_dots\"><\/span><span class=\"menu_price\">60.0.000\u20ab<\/span><\/h5>\n<div class=\"post_detail menu_excerpt\"><\/div>\n<\/div>\n<\/div>\n<div class=\"one\">\n<div id=\"menu_4797\" class=\"menu_content_classic\">\n<h5 class=\"menu_post\">\n\t\t\t\t        \t<span class=\"menu_title\">\ud558\uc774\ub124\ucf04 \uc2e4\ubc84<\/span><br \/>\n\t\t\t\t        \t<span class=\"menu_dots\"><\/span><span class=\"menu_price\">60.0.000\u20ab<\/span><\/h5>\n<div class=\"post_detail menu_excerpt\"><\/div>\n<\/div>\n<\/div>\n<div class=\"one\">\n<div id=\"menu_4800\" class=\"menu_content_classic\">\n<h5 class=\"menu_post\">\n\t\t\t\t        \t<span class=\"menu_title\">\ud638\ub791\uc774<\/span><br \/>\n\t\t\t\t        \t<span class=\"menu_dots\"><\/span><span class=\"menu_price\">60.0.000\u20ab<\/span><\/h5>\n<div class=\"post_detail menu_excerpt\"><\/div>\n<\/div>\n<\/div>\n<div class=\"one\">\n<div id=\"menu_4803\" class=\"menu_content_classic\">\n<h5 class=\"menu_post\">\n\t\t\t\t        \t<span class=\"menu_title\">\ud0c0\uc774\uac70 \ub4dc\ub798\ud504\ud2b8<\/span><br \/>\n\t\t\t\t        \t<span class=\"menu_dots\"><\/span><span class=\"menu_price\">50.0.000\u20ab<\/span><\/h5>\n<div class=\"post_detail menu_excerpt\"><\/div>\n<\/div>\n<\/div>\n<div class=\"one\">\n<div id=\"menu_4806\" class=\"menu_content_classic\">\n<h5 class=\"menu_post\">\n\t\t\t\t        \t<span class=\"menu_title\">\uc2a4\ud2b8\ub871\ubcf4\uc6b0(\uace8\ub4dc\uc560\ud50c)<\/span><br \/>\n\t\t\t\t        \t<span class=\"menu_dots\"><\/span><span class=\"menu_price\">50.0.000\u20ab<\/span><\/h5>\n<div class=\"post_detail menu_excerpt\"><\/div>\n<\/div>\n<\/div>\n<div class=\"one\">\n<div id=\"menu_4809\" class=\"menu_content_classic\">\n<h5 class=\"menu_post\">\n\t\t\t\t        \t<span class=\"menu_title\">\ud14c\ud14c<\/span><br \/>\n\t\t\t\t        \t<span class=\"menu_dots\"><\/span><span class=\"menu_price\">90.0.000\u20ab<\/span><\/h5>\n<div class=\"post_detail menu_excerpt\"><\/div>\n<\/div>\n<\/div>\n<p><br class=\"clear\"\/><\/div>\n<\/div>\n<\/div>\n<div class=\"element classic2_cols\">\n<div class=\"one_half gallery2 filterable static\">\n<div class=\"menu_multiple_wrapper\">\n<h2 class=\"ppb_menu_title\" >\ub77c\uc559\uc2a4 \uce75\ud14c\uc77c<\/h2>\n<p><br class=\"clear\"\/><br \/><br class=\"clear\"\/><\/div>\n<\/div>\n<\/div>\n<div class=\"element classic2_cols\">\n<div class=\"one_half gallery2 filterable static\">\n<div class=\"menu_multiple_wrapper\">\n<h2 class=\"ppb_menu_title\" >\uc801\ud3ec\ub3c4\uc8fc<\/h2>\n<p><br class=\"clear\"\/><br \/><br class=\"clear\"\/><\/div>\n<\/div>\n<\/div>\n<div class=\"element classic2_cols\">\n<div class=\"one_half gallery2 filterable static\">\n<div class=\"menu_multiple_wrapper\">\n<h2 class=\"ppb_menu_title\" >\uc7a5\ubbf8<\/h2>\n<p><br class=\"clear\"\/><br \/><br class=\"clear\"\/><\/div>\n<\/div>\n<\/div>\n<div class=\"element classic2_cols\">\n<div class=\"one_half gallery2 filterable static\">\n<div class=\"menu_multiple_wrapper\">\n<h2 class=\"ppb_menu_title\" >\ubc31\ud3ec\ub3c4\uc8fc<\/h2>\n<p><br class=\"clear\"\/><br \/><br class=\"clear\"\/><\/div>\n<\/div>\n<\/div>\n<div class=\"element classic2_cols\">\n<div class=\"one_half gallery2 filterable static\">\n<div class=\"menu_multiple_wrapper\">\n<h2 class=\"ppb_menu_title\" >\uc794\uc73c\ub85c \ub9c8\uc2dc\ub294 \uc640\uc778<\/h2>\n<p><br class=\"clear\"\/><br \/><br class=\"clear\"\/><\/div>\n<\/div>\n<\/div>\n<\/div>\n<\/div>\n<\/div>\n<\/div>","protected":false},"excerpt":{"rendered":"<p>Laang IS AN ASIAN-INSPIRED, VEGETARIAN- FRIENDLY RESTAURANT IN SAIGON. Juices T\u00e1o 69.0.000\u20ab Apple C\u00e0 r\u1ed1t 69.0.000\u20ab Carrot Cam 69.0.000\u20ab Orange B\u00f3 x\u00f4i, Th\u01a1m, T\u00e1o 79.0.000\u20ab Spinach, Pineapple, Apple Cam, Ngh\u1ec7, C\u00e0 r\u1ed1t 79.0.000\u20ab Orange, Turemic, Carrot Carrot, Cam, T\u00e1o, C\u1ee7 [&hellip;]<\/p>\n","protected":false},"author":8,"featured_media":4230,"parent":0,"menu_order":0,"comment_status":"closed","ping_status":"closed","template":"","meta":{"uix_meta_title":"","uix_meta_description":"","uix_canonical_url":"","footnotes":""},"folder":[],"class_list":["post-4287","page","type-page","status-publish","has-post-thumbnail","hentry"],"_links":{"self":[{"href":"https:\/\/laangsaigon.com\/ko\/wp-json\/wp\/v2\/pages\/4287","targetHints":{"allow":["GET"]}}],"collection":[{"href":"https:\/\/laangsaigon.com\/ko\/wp-json\/wp\/v2\/pages"}],"about":[{"href":"https:\/\/laangsaigon.com\/ko\/wp-json\/wp\/v2\/types\/page"}],"author":[{"embeddable":true,"href":"https:\/\/laangsaigon.com\/ko\/wp-json\/wp\/v2\/users\/8"}],"replies":[{"embeddable":true,"href":"https:\/\/laangsaigon.com\/ko\/wp-json\/wp\/v2\/comments?post=4287"}],"version-history":[{"count":17,"href":"https:\/\/laangsaigon.com\/ko\/wp-json\/wp\/v2\/pages\/4287\/revisions"}],"predecessor-version":[{"id":5857,"href":"https:\/\/laangsaigon.com\/ko\/wp-json\/wp\/v2\/pages\/4287\/revisions\/5857"}],"wp:featuredmedia":[{"embeddable":true,"href":"https:\/\/laangsaigon.com\/ko\/wp-json\/wp\/v2\/media\/4230"}],"wp:attachment":[{"href":"https:\/\/laangsaigon.com\/ko\/wp-json\/wp\/v2\/media?parent=4287"}],"wp:term":[{"taxonomy":"folder","embeddable":true,"href":"https:\/\/laangsaigon.com\/ko\/wp-json\/wp\/v2\/folder?post=4287"}],"curies":[{"name":"\uc6cc\ub4dc\ud504\ub808\uc2a4","href":"https:\/\/api.w.org\/{rel}","templated":true}]}}