{"id":7608,"date":"2024-02-20T10:10:06","date_gmt":"2024-02-20T03:10:06","guid":{"rendered":"https:\/\/laangsaigon.com\/?page_id=7608"},"modified":"2024-02-20T10:10:06","modified_gmt":"2024-02-20T03:10:06","slug":"%e3%82%b5%e3%82%a4%e3%83%88%e3%83%9e%e3%83%83%e3%83%97","status":"publish","type":"page","link":"https:\/\/laangsaigon.com\/ja\/sitemap\/","title":{"rendered":"\u30b5\u30a4\u30c8\u30de\u30c3\u30d7"},"content":{"rendered":"<div class=\"rank-math-html-sitemap\"><div class=\"rank-math-html-sitemap__section rank-math-html-sitemap__section--post-type rank-math-html-sitemap__section--post\"><h2 class=\"rank-math-html-sitemap__title\">\u6295\u7a3f<\/h2><ul class=\"rank-math-html-sitemap__list\"><li class=\"rank-math-html-sitemap__item\"><a href=\"https:\/\/laangsaigon.com\/ja\/goi-ghem-xanh-nau-canh-lanh\/\" class=\"rank-math-html-sitemap__link\">G\u00d3I GH\u00c9M XANH - N\u1ea4U CANH L\u00c0NH<\/a> <span class=\"rank-math-html-sitemap__date\">(4\u6708 11, 2026)<\/span><\/li><li class=\"rank-math-html-sitemap__item\"><a href=\"https:\/\/laangsaigon.com\/ja\/catering-tron-goi-ba-phong-vi-mot-diem-den-cho-moi-bua-tiec\/\" class=\"rank-math-html-sitemap__link\">\u2728 Catering Tr\u1ecdn G\u00f3i: Ba Phong V\u1ecb, M\u1ed9t \u0110i\u1ec3m \u0110\u1ebfn Cho M\u1ecdi B\u1eefa Ti\u1ec7c \u2728<\/a> <span class=\"rank-math-html-sitemap__date\">(3\u6708 24, 2026)<\/span><\/li><li class=\"rank-math-html-sitemap__item\"><a href=\"https:\/\/laangsaigon.com\/ja\/tiec-giua-khoang-xanh-long-bong-rang-ro-%f0%9f%8c%bf\/\" class=\"rank-math-html-sitemap__link\">Ti\u1ec7c Gi\u1eefa Kho\u1ea3ng Xanh \u2013 L\u00f2ng B\u1ed1ng R\u1ea1ng R\u1ee1 \ud83c\udf3f<\/a> <span class=\"rank-math-html-sitemap__date\">(3\u6708 24, 2026)<\/span><\/li><li class=\"rank-math-html-sitemap__item\"><a href=\"https:\/\/laangsaigon.com\/ja\/quan-bui-group-offers-lessons-on-perseverance-and-success\/\" class=\"rank-math-html-sitemap__link\">Qu\u00e1n B\u1ee5i Group Offers Lessons on Perseverance and Success<\/a> <span class=\"rank-math-html-sitemap__date\">(3\u6708 11, 2026)<\/span><\/li><li class=\"rank-math-html-sitemap__item\"><a href=\"https:\/\/laangsaigon.com\/ja\/quan-bui-laang-saigon-khi-bua-tiec-tan-nien-bat-dau-tu-cam-giac-an-yen-cua-bep-nha\/\" class=\"rank-math-html-sitemap__link\">Qu\u00e1n B\u1ee5i \u2013 Laang Saigon: Khi b\u1eefa ti\u1ec7c t\u00e2n ni\u00ean b\u1eaft \u0111\u1ea7u t\u1eeb c\u1ea3m gi\u00e1c an y\u00ean c\u1ee7a b\u1ebfp nh\u00e0<\/a> <span class=\"rank-math-html-sitemap__date\">(2\u6708 25, 2026)<\/span><\/li><li class=\"rank-math-html-sitemap__item\"><a href=\"https:\/\/laangsaigon.com\/ja\/dining-out-an-afternoon-at-laang-saigon\/\" class=\"rank-math-html-sitemap__link\">Dining Out \u2013 \ub791 \uc0ac\uc774\uacf5(laang Saigon)\uc5d0\uc11c\uc758 \uc624\ud6c4<\/a> <span class=\"rank-math-html-sitemap__date\">(1\u6708 28, 2026)<\/span><\/li><li class=\"rank-math-html-sitemap__item\"><a href=\"https:\/\/laangsaigon.com\/ja\/lich-hoat-dong-dip-tet-nguyen-dan-2026\/\" class=\"rank-math-html-sitemap__link\">L\u1ecbch ho\u1ea1t \u0111\u1ed9ng d\u1ecbp t\u1ebft nguy\u00ean \u0111\u00e1n 2026<\/a> <span class=\"rank-math-html-sitemap__date\">(1\u6708 26, 2026)<\/span><\/li><li class=\"rank-math-html-sitemap__item\"><a href=\"https:\/\/laangsaigon.com\/ja\/le-cuoi-o-san-vuon-laang-saigon\/\" class=\"rank-math-html-sitemap__link\">L\u1ec5 c\u01b0\u1edbi \u1edf s\u00e2n v\u01b0\u1eddn Laang Saigon<\/a> <span class=\"rank-math-html-sitemap__date\">(1\u6708 26, 2026)<\/span><\/li><li class=\"rank-math-html-sitemap__item\"><a href=\"https:\/\/laangsaigon.com\/ja\/laang-restaurant-dat-hang-nhi-best-vietnamese-best-eats-peoples-picks-awards-2025\/\" class=\"rank-math-html-sitemap__link\">LAANG RESTAURANT \u0110\u1ea0T H\u1ea0NG NH\u00cc \u201cBEST VIETNAMESE \u2013 BEST EATS - People\u2019s Picks Awards 2025\u201d<\/a> <span class=\"rank-math-html-sitemap__date\">(12\u6708 11, 2025)<\/span><\/li><li class=\"rank-math-html-sitemap__item\"><a href=\"https:\/\/laangsaigon.com\/ja\/laang-saigon-is-honored-to-accompany-the-event-hcmc-networking-pitching-the-1-minute-pitch-for-fdi-b2c-organized-by-vrf\/\" class=\"rank-math-html-sitemap__link\">Laang Saigon is honored to accompany the event HCMC Networking &amp; Pitching: The 1-Minute Pitch for FDI B2C organized by VRF.<\/a> <span class=\"rank-math-html-sitemap__date\">(8\u6708 22, 2025)<\/span><\/li><li class=\"rank-math-html-sitemap__item\"><a href=\"https:\/\/laangsaigon.com\/ja\/indulge-in-elegance-a-laang-saigon-feature-by-epicure-vietnam\/\" class=\"rank-math-html-sitemap__link\">Indulge In Elegance: A Laang Saigon Feature by Epicure Vietnam<\/a> <span class=\"rank-math-html-sitemap__date\">(7\u6708 24, 2025)<\/span><\/li><li class=\"rank-math-html-sitemap__item\"><a href=\"https:\/\/laangsaigon.com\/ja\/%e6%96%b0%e3%81%97%e3%81%84%e6%94%af%e5%ba%97\/\" class=\"rank-math-html-sitemap__link\">\u65b0\u3057\u3044\u652f\u5e97\u304c\u9593\u3082\u306a\u304f\u30aa\u30fc\u30d7\u30f3\u3057\u307e\u3059<\/a> <span class=\"rank-math-html-sitemap__date\">(3\u6708 13, 2025)<\/span><\/li><li class=\"rank-math-html-sitemap__item\"><a href=\"https:\/\/laangsaigon.com\/ja\/%e3%83%a9%e3%82%a2%e3%83%b3%e3%82%b5%e3%82%a4%e3%82%b4%e3%83%b3%e3%81%a7%e3%81%af%e6%98%a5%e3%81%ae%e9%9b%b0%e5%9b%b2%e6%b0%97%e3%81%8c%e6%bc%82%e3%81%a3%e3%81%a6%e3%81%84%e3%81%be%e3%81%99\/\" class=\"rank-math-html-sitemap__link\">\u30e9\u30f3\u30b5\u30a4\u30b4\u30f3\u306b\u6625\u306e\u96f0\u56f2\u6c17\u304c\u6f02\u3046<\/a> <span class=\"rank-math-html-sitemap__date\">(1\u6708 10, 2025)<\/span><\/li><li class=\"rank-math-html-sitemap__item\"><a href=\"https:\/\/laangsaigon.com\/ja\/2025%e5%b9%b4%e6%97%a7%e6%ad%a3%e6%9c%88%e3%82%b9%e3%82%b1%e3%82%b8%e3%83%a5%e3%83%bc%e3%83%ab%e3%81%ae%e3%81%8a%e7%9f%a5%e3%82%89%e3%81%9b\/\" class=\"rank-math-html-sitemap__link\">2025\u5e74\u65e7\u6b63\u6708\u30b9\u30b1\u30b8\u30e5\u30fc\u30eb\u306e\u304a\u77e5\u3089\u305b<\/a> <span class=\"rank-math-html-sitemap__date\">(1\u6708 6, 2025)<\/span><\/li><li class=\"rank-math-html-sitemap__item\"><a href=\"https:\/\/laangsaigon.com\/ja\/%e3%82%a4%e3%83%99%e3%83%b3%e3%83%88%e3%81%ab%e4%bb%98%e9%9a%8f%e3%81%99%e3%82%8b%e3%82%b5%e3%83%bc%e3%83%93%e3%82%b9%e3%81%ae%e6%8f%90%e4%be%9b\/\" class=\"rank-math-html-sitemap__link\">PROVIDING SERVICES ACCOMPANYING EVENTS - QU\u00c1N B\u1ee4I GROUP<\/a> <span class=\"rank-math-html-sitemap__date\">(11\u6708 8, 2024)<\/span><\/li><li class=\"rank-math-html-sitemap__item\"><a href=\"https:\/\/laangsaigon.com\/ja\/11%e6%9c%88%e3%81%ae%e3%83%97%e3%83%ad%e3%83%a2%e3%83%bc%e3%82%b7%e3%83%a7%e3%83%b3\/\" class=\"rank-math-html-sitemap__link\">11\u6708\u306e\u30d7\u30ed\u30e2\u30fc\u30b7\u30e7\u30f3<\/a> <span class=\"rank-math-html-sitemap__date\">(11\u6708 5, 2024)<\/span><\/li><li class=\"rank-math-html-sitemap__item\"><a href=\"https:\/\/laangsaigon.com\/ja\/%f0%9d%90%98%f0%9d%90%84%f0%9d%90%80%f0%9d%90%91-%f0%9d%90%84%f0%9d%90%8d%f0%9d%90%83-%f0%9d%90%8f%f0%9d%90%80%f0%9d%90%91%f0%9d%90%93%f0%9d%90%98-%f0%9d%90%80%f0%9d%90%93-%f0%9d%90%8b%f0%9d%90%80\/\" class=\"rank-math-html-sitemap__link\">\u30d5\u30a9\u30ed\u30fc\u3059\u308b<\/a> <span class=\"rank-math-html-sitemap__date\">(10\u6708 24, 2024)<\/span><\/li><li class=\"rank-math-html-sitemap__item\"><a href=\"https:\/\/laangsaigon.com\/ja\/%f0%9d%91%83%f0%9d%91%9f%f0%9d%91%96%f0%9d%91%a3%f0%9d%91%8e%f0%9d%91%a1%f0%9d%91%92-%f0%9d%90%b8%f0%9d%91%a3%f0%9d%91%92%f0%9d%91%9b%f0%9d%91%a1-%f0%9d%91%86%f0%9d%91%9d%f0%9d%91%8e%f0%9d%91%90\/\" class=\"rank-math-html-sitemap__link\">\ud835\udc43\ud835\udc5f\ud835\udc56\ud835\udc63\ud835\udc52\ud835\udc5b\ud835\udc61 \ud835\udc46\ud835\udc5d\ud835\udc4e\ud835\udc50\ud835\udc52 \ud835\udc4e\ud835\udc61 \ud835\udc3f\ud835\udc4e\ud835\udc4e\ud835\udc5b\ud835\udc54 \ud835\udc46\ud835\udc4e\ud835\udc56\ud835\udc54\ud835\udc5c\ud835\udc5b \ud835\udc36\ud835\udc52\ud835\udc5b\ud835\udc61\ud835\udc5f\ud835\udc4e\ud835\udc59<\/a> <span class=\"rank-math-html-sitemap__date\">(2024\u5e7410\u670818\u65e5)<\/span><\/li><li class=\"rank-math-html-sitemap__item\"><a href=\"https:\/\/laangsaigon.com\/ja\/%f0%9d%90%80-%f0%9d%90%8c%f0%9d%90%9e%f0%9d%90%a6%f0%9d%90%a8%f0%9d%90%ab%f0%9d%90%9a%f0%9d%90%9b%f0%9d%90%a5%f0%9d%90%9e-%f0%9d%90%82%f0%9d%90%ae%f0%9d%90%a5%f0%9d%90%a2%f0%9d%90%a7%f0%9d%90%9a\/\" class=\"rank-math-html-sitemap__link\">\ud835\udc00 \ud835\udc0c\ud835\udc1e\ud835\udc26\ud835\udc28\ud835\udc2b\ud835\udc1a\ud835\udc1b\ud835\udc25\ud835\udc1e \ud835\udc02\ud835\udc2e\ud835\udc25\ud835\udc22\ud835\udc27\ud835\udc1a\ud835\udc2b\ud835\udc32 \ud835\udc04\ud835\udc31\ud835\udc29\ud835\udc1e\ud835\udc2b\ud835\udc22\ud835\udc1e\ud835\udc27\ud835\udc1c\ud835\udc1e \ud835\udc1a\ud835\udc2d \ud835\udc21\ud835\udc1e \ud835\udc08\ud835\udc27\ud835\udc1d\ud835\udc1e\ud835\udc29\ud835\udc1e\ud835\udc27\ud835\udc1d\ud835\udc1e\ud835\udc27\ud835\udc1c\ud835\udc1e \ud835\udc0f\ud835\udc1a\ud835\udc25\ud835\udc1a\ud835\udc1c\ud835\udc1e<\/a> <span class=\"rank-math-html-sitemap__date\">(2024\u5e7410\u670811\u65e5)<\/span><\/li><li class=\"rank-math-html-sitemap__item\"><a href=\"https:\/\/laangsaigon.com\/ja\/8%e6%9c%88%e3%81%ae%e3%83%97%e3%83%ad%e3%83%a2%e3%83%bc%e3%82%b7%e3%83%a7%e3%83%b3\/\" class=\"rank-math-html-sitemap__link\">10\u6708\u306e\u30d7\u30ed\u30e2\u30fc\u30b7\u30e7\u30f3<\/a> <span class=\"rank-math-html-sitemap__date\">(2024\u5e7410\u67082\u65e5)<\/span><\/li><li class=\"rank-math-html-sitemap__item\"><a href=\"https:\/\/laangsaigon.com\/ja\/%e3%83%9f%e3%82%b9%e3%82%b3%e3%82%b9%e3%83%a2%e3%81%ae%e8%a6%81%e7%b4%84\/\" class=\"rank-math-html-sitemap__link\">\ud835\udc11\ud835\udc04\ud835\udc02\ud835\udc00\ud835\udc0f - \ud835\udc0c\ud835\udc08\ud835\udc12\ud835\udc12 \ud835\udc02\ud835\udc0e\ud835\udc12\ud835\udc0c\ud835\udc0e \ud835\udc13\ud835\udc00\u0323\ud835\udc08 \ud835\udc0b\ud835\udc00\ud835\udc00\ud835\udc0d\ud835\udc06 \ud835\udc12\ud835\udc00\ud835\udc08\ud835\udc06\ud835\udc0e\ud835\udc0d \ud835\udc02\ud835\udc04\ud835\udc0d\ud835\udc13\ud835\udc11\ud835\udc00\ud835\udc0b<\/a> <span class=\"rank-math-html-sitemap__date\">(2024\u5e7410\u67081\u65e5)<\/span><\/li><li class=\"rank-math-html-sitemap__item\"><a href=\"https:\/\/laangsaigon.com\/ja\/%e3%83%9f%e3%82%b9%e3%82%b3%e3%82%b9%e3%83%a2%e3%81%95%e3%82%93%e3%80%81%e3%82%88%e3%81%86%e3%81%93%e3%81%9d\/\" class=\"rank-math-html-sitemap__link\">\ud835\udc16\ud835\udc04\ud835\udc0b\ud835\udc02\ud835\udc0e\ud835\udc0c\ud835\udc04 \ud835\udc0c\ud835\udc08\ud835\udc12\ud835\udc12 \ud835\udc02\ud835\udc0e\ud835\udc12\ud835\udc0c\ud835\udc0e \ud835\udc11\ud835\udc06\ud835\udc00\ud835\udc0d\ud835\udc08\ud835\udc19\ud835\udc00\ud835\udc13\ud835\udc08\ud835\udc0e\ud835\udc0d &amp; \ud835\udc02\ud835\udc0e\ud835\udc0d\ud835\udc13\ud835\udc04\ud835\udc12\ud835\udc13\ud835\udc00\ud835\udc0d\ud835\udc13\ud835\udc12<\/a> <span class=\"rank-math-html-sitemap__date\">(2024\u5e749\u670826\u65e5)<\/span><\/li><li class=\"rank-math-html-sitemap__item\"><a href=\"https:\/\/laangsaigon.com\/ja\/%e3%83%af%e3%82%a4%e3%83%b3%e5%a4%a7%e4%bd%bf%e9%a4%a8%e3%81%ae%e8%a9%a6%e9%a3%b2\/\" class=\"rank-math-html-sitemap__link\">\ud835\udc16\ud835\udc08\ud835\udc0d\ud835\udc04 \ud835\udc04\ud835\udc0c\ud835\udc01\ud835\udc00\ud835\udc12\ud835\udc12\ud835\udc18 \ud835\udc13\ud835\udc00\ud835\udc12\ud835\udc13\ud835\udc08\ud835\udc0d\ud835\udc06<\/a> <span class=\"rank-math-html-sitemap__date\">(2024\u5e749\u670823\u65e5)<\/span><\/li><li class=\"rank-math-html-sitemap__item\"><a href=\"https:\/\/laangsaigon.com\/ja\/%e4%b8%80%e7%b7%92%e3%81%ab%e5%86%8d%e5%bb%ba%e3%81%99%e3%82%8b\/\" class=\"rank-math-html-sitemap__link\">\ud835\udc11\ud835\udc04\ud835\udc01\ud835\udc14\ud835\udc08\ud835\udc0b\ud835\udc03 \ud835\udc13\ud835\udc0e\ud835\udc06\ud835\udc04\ud835\udc13\ud835\udc07\ud835\udc04\ud835\udc11 - \ud835\udc05\ud835\udc14\ud835\udc0d\ud835\udc03\ud835\udc11\ud835\udc00\ud835\udc08\ud835\udc12\ud835\udc08\ud835\udc0d\ud835\udc06 \ud835\udc01\ud835\udc0e\ud835\udc0e\ud835\udc13\ud835\udc07<\/a> <span class=\"rank-math-html-sitemap__date\">(2024\u5e749\u670823\u65e5)<\/span><\/li><li class=\"rank-math-html-sitemap__item\"><a href=\"https:\/\/laangsaigon.com\/ja\/8%e6%9c%88%e3%81%ae%e3%83%97%e3%83%ad%e3%83%a2%e3%83%bc%e3%82%b7%e3%83%a7%e3%83%b3-2\/\" class=\"rank-math-html-sitemap__link\">8\u6708\u306e\u30d7\u30ed\u30e2\u30fc\u30b7\u30e7\u30f3<\/a> <span class=\"rank-math-html-sitemap__date\">(2024\u5e748\u67086\u65e5)<\/span><\/li><li class=\"rank-math-html-sitemap__item\"><a href=\"https:\/\/laangsaigon.com\/ja\/%e3%82%af%e3%82%a2%e3%83%b3%e3%83%96%e3%82%a4%e3%82%b0%e3%83%ab%e3%83%bc%e3%83%97vip%e3%82%ab%e3%83%bc%e3%83%89%e3%81%ae%e5%88%a9%e7%94%a8%e8%a6%8f%e7%b4%84\/\" class=\"rank-math-html-sitemap__link\">\u30af\u30a2\u30f3\u30d3\u30b0\u30eb\u30fc\u30d7VIP\u30ab\u30fc\u30c9\u306e\u5229\u7528\u898f\u7d04<\/a> <span class=\"rank-math-html-sitemap__date\">(2024\u5e747\u67088\u65e5)<\/span><\/li><li class=\"rank-math-html-sitemap__item\"><a href=\"https:\/\/laangsaigon.com\/ja\/nha-hang-san-vuon-quan-2\/\" class=\"rank-math-html-sitemap__link\">Nh\u00e0 h\u00e0ng s\u00e2n v\u01b0\u1eddn - Cho nh\u1eefng b\u1eefa \u0103n \u1ea5m \u00e1p, tr\u00f2n v\u1ecb<\/a> <span class=\"rank-math-html-sitemap__date\">(4\u6708 1, 2022)<\/span><\/li><\/ul><\/div><div class=\"rank-math-html-sitemap__section rank-math-html-sitemap__section--post-type rank-math-html-sitemap__section--page\"><h2 class=\"rank-math-html-sitemap__title\">\u56fa\u5b9a\u30da\u30fc\u30b8<\/h2><ul class=\"rank-math-html-sitemap__list\"><li class=\"rank-math-html-sitemap__item\"><a href=\"https:\/\/laangsaigon.com\/ja\/%f0%9d%90%91%f0%9d%90%84%f0%9d%90%81%f0%9d%90%94%f0%9d%90%88%f0%9d%90%8b%f0%9d%90%83-%f0%9d%90%93%f0%9d%90%8e%f0%9d%90%86%f0%9d%90%84%f0%9d%90%93%f0%9d%90%87%f0%9d%90%84%f0%9d%90%91-%f0%9d%90%85\/\" class=\"rank-math-html-sitemap__link\">\ud835\udc11\ud835\udc04\ud835\udc01\ud835\udc14\ud835\udc08\ud835\udc0b\ud835\udc03 \ud835\udc13\ud835\udc0e\ud835\udc06\ud835\udc04\ud835\udc13\ud835\udc07\ud835\udc04\ud835\udc11 - \ud835\udc05\ud835\udc14\ud835\udc0d\ud835\udc03\ud835\udc11\ud835\udc00\ud835\udc08\ud835\udc12\ud835\udc08\ud835\udc0d\ud835\udc06 \ud835\udc01\ud835\udc0e\ud835\udc0e\ud835\udc13\ud835\udc07<\/a> <span class=\"rank-math-html-sitemap__date\">(2024\u5e749\u670820\u65e5)<\/span><\/li><li class=\"rank-math-html-sitemap__item\"><a href=\"https:\/\/laangsaigon.com\/ja\/%e3%82%b5%e3%82%a4%e3%83%88%e3%83%9e%e3%83%83%e3%83%97\/\" class=\"rank-math-html-sitemap__link\">\u30b5\u30a4\u30c8\u30de\u30c3\u30d7<\/a> <span class=\"rank-math-html-sitemap__date\">(2024\u5e742\u670820\u65e5)<\/span><\/li><li class=\"rank-math-html-sitemap__item\"><a href=\"https:\/\/laangsaigon.com\/ja\/%e3%83%89%e3%83%aa%e3%83%b3%e3%82%af%e3%83%a1%e3%83%8b%e3%83%a5%e3%83%bc\/\" class=\"rank-math-html-sitemap__link\">\u30c9\u30ea\u30f3\u30af\u30e1\u30cb\u30e5\u30fc<\/a> <span class=\"rank-math-html-sitemap__date\">(2019\u5e747\u670829\u65e5)<\/span><\/li><li class=\"rank-math-html-sitemap__item\"><a href=\"https:\/\/laangsaigon.com\/ja\/%e7%a7%81%e3%81%9f%e3%81%a1%e3%81%ae%e3%82%b7%e3%82%a7%e3%83%95\/\" class=\"rank-math-html-sitemap__link\">\u79c1\u305f\u3061\u306e\u30b7\u30a7\u30d5<\/a> <span class=\"rank-math-html-sitemap__date\">(2015\u5e746\u67088\u65e5)<\/span><\/li><li class=\"rank-math-html-sitemap__item\"><a href=\"https:\/\/laangsaigon.com\/ja\/%e4%bd%8d%e7%bd%ae\/\" class=\"rank-math-html-sitemap__link\">\u5834\u6240<\/a> <span class=\"rank-math-html-sitemap__date\">(2015\u5e746\u67084\u65e5)<\/span><\/li><li class=\"rank-math-html-sitemap__item\"><a href=\"https:\/\/laangsaigon.com\/ja\/%e4%ba%88%e7%b4%84\/\" class=\"rank-math-html-sitemap__link\">\u30c6\u30fc\u30d6\u30eb\u3092\u4e88\u7d04\u3057\u3066\u304f\u3060\u3055\u3044<\/a> <span class=\"rank-math-html-sitemap__date\">(2015\u5e746\u67084\u65e5)<\/span><\/li><li class=\"rank-math-html-sitemap__item\"><a href=\"https:\/\/laangsaigon.com\/ja\/%e3%83%95%e3%83%bc%e3%83%89%e3%83%a1%e3%83%8b%e3%83%a5%e3%83%bc\/\" class=\"rank-math-html-sitemap__link\">\u30d5\u30fc\u30c9\u30e1\u30cb\u30e5\u30fc<\/a> <span class=\"rank-math-html-sitemap__date\">(2015\u5e746\u67084\u65e5)<\/span><\/li><li class=\"rank-math-html-sitemap__item\"><a href=\"https:\/\/laangsaigon.com\/ja\/%e3%83%8b%e3%83%a5%e3%83%bc%e3%82%b9%ef%bc%86%e3%82%a4%e3%83%99%e3%83%b3%e3%83%88\/\" class=\"rank-math-html-sitemap__link\">\u30cb\u30e5\u30fc\u30b9\uff06\u30a4\u30d9\u30f3\u30c8<\/a> <span class=\"rank-math-html-sitemap__date\">(2015\u5e745\u670831\u65e5)<\/span><\/li><li class=\"rank-math-html-sitemap__item\"><a href=\"https:\/\/laangsaigon.com\/ja\/\" class=\"rank-math-html-sitemap__link\">\u30e9\u30fc\u30f3\u30ec\u30b9\u30c8\u30e9\u30f3<\/a> <span class=\"rank-math-html-sitemap__date\">(2015\u5e745\u670830\u65e5)<\/span><\/li><\/ul><\/div><div class=\"rank-math-html-sitemap__section rank-math-html-sitemap__section--post-type rank-math-html-sitemap__section--menus\"><h2 class=\"rank-math-html-sitemap__title\">\u30e1\u30cb\u30e5\u30fc<\/h2><ul class=\"rank-math-html-sitemap__list\"><\/ul><\/div><div class=\"rank-math-html-sitemap__section rank-math-html-sitemap__section--taxonomy rank-math-html-sitemap__section--category\"><h2 class=\"rank-math-html-sitemap__title\">\u30ab\u30c6\u30b4\u30ea\u30fc<\/h2><ul class=\"rank-math-html-sitemap__list\"><li class=\"rank-math-html-sitemap__item\"><a href=\"https:\/\/laangsaigon.com\/ja\/%e3%82%ab%e3%83%86%e3%82%b4%e3%83%aa%e3%83%bc\/%e3%83%96%e3%83%ad%e3%82%b0\/\" class=\"rank-math-html-sitemap__link\">\u30d6\u30ed\u30b0<\/a><\/li><li class=\"rank-math-html-sitemap__item\"><a href=\"https:\/\/laangsaigon.com\/ja\/%e3%82%ab%e3%83%86%e3%82%b4%e3%83%aa%e3%83%bc\/%e3%82%a4%e3%83%99%e3%83%b3%e3%83%88\/\" class=\"rank-math-html-sitemap__link\">\u30a4\u30d9\u30f3\u30c8<\/a><\/li><li class=\"rank-math-html-sitemap__item\"><a href=\"https:\/\/laangsaigon.com\/ja\/%e3%82%ab%e3%83%86%e3%82%b4%e3%83%aa%e3%83%bc\/%e3%83%8b%e3%83%a5%e3%83%bc%e3%82%b9\/\" class=\"rank-math-html-sitemap__link\">\u30cb\u30e5\u30fc\u30b9<\/a><\/li><\/ul><\/div><\/div>","protected":false},"excerpt":{"rendered":"","protected":false},"author":8,"featured_media":6973,"parent":0,"menu_order":0,"comment_status":"closed","ping_status":"closed","template":"","meta":{"uix_meta_title":"","uix_meta_description":"","uix_canonical_url":"","footnotes":""},"folder":[],"class_list":["post-7608","page","type-page","status-publish","has-post-thumbnail","hentry"],"_links":{"self":[{"href":"https:\/\/laangsaigon.com\/ja\/wp-json\/wp\/v2\/pages\/7608","targetHints":{"allow":["GET"]}}],"collection":[{"href":"https:\/\/laangsaigon.com\/ja\/wp-json\/wp\/v2\/pages"}],"about":[{"href":"https:\/\/laangsaigon.com\/ja\/wp-json\/wp\/v2\/types\/page"}],"author":[{"embeddable":true,"href":"https:\/\/laangsaigon.com\/ja\/wp-json\/wp\/v2\/users\/8"}],"replies":[{"embeddable":true,"href":"https:\/\/laangsaigon.com\/ja\/wp-json\/wp\/v2\/comments?post=7608"}],"version-history":[{"count":1,"href":"https:\/\/laangsaigon.com\/ja\/wp-json\/wp\/v2\/pages\/7608\/revisions"}],"predecessor-version":[{"id":7610,"href":"https:\/\/laangsaigon.com\/ja\/wp-json\/wp\/v2\/pages\/7608\/revisions\/7610"}],"wp:featuredmedia":[{"embeddable":true,"href":"https:\/\/laangsaigon.com\/ja\/wp-json\/wp\/v2\/media\/6973"}],"wp:attachment":[{"href":"https:\/\/laangsaigon.com\/ja\/wp-json\/wp\/v2\/media?parent=7608"}],"wp:term":[{"taxonomy":"folder","embeddable":true,"href":"https:\/\/laangsaigon.com\/ja\/wp-json\/wp\/v2\/folder?post=7608"}],"curies":[{"name":"wp","href":"https:\/\/api.w.org\/{rel}","templated":true}]}}